{"id":3933,"date":"2019-05-20T09:17:15","date_gmt":"2019-05-20T08:17:15","guid":{"rendered":"http:\/\/scera.lu\/?page_id=3933"},"modified":"2023-10-28T12:38:24","modified_gmt":"2023-10-28T11:38:24","slug":"cactus-lallange-02-03-11-18","status":"publish","type":"page","link":"https:\/\/scera.lu\/?page_id=3933","title":{"rendered":"Saisons 2017\/18-2020\/21"},"content":{"rendered":"<h4><span style=\"color: #a19638;\"><strong><span style=\"text-decoration: underline;\">Nageurs r\u00e9compens\u00e9s 2020\/2021<\/span><\/strong><\/span><\/h4>\n<h4><span style=\"color: #000000;\"><strong data-rich-text-format-boundary=\"true\">BOHLER Tim \/\u00a0CESARI Andrea \/ CHOJECKI Damian \/ DUPONT Tino \/ GUITTET Julie \/ LICINA Sara \/ MULLER-EVANGELISTA Louise \/ NONOA Francis \/\u00a0NONOA P\u00e9nielle \/\u00a0PEREIRA Dylan \/\u00a0SAFI Yasmin \/ SENHOR Meily \/\u00a0SHEHU Alishia \/ SHEHU Noah \/\u00a0SILVA CASTRO Mafalda \/\u00a0VENTURA DIAS Tomas \/ WALAK Olivier\u00a0\/ WALAK Lena<\/strong><\/span><\/h4>\n<h4><span style=\"color: #a19638;\"><strong><span style=\"text-decoration: underline;\">Nageurs r\u00e9compens\u00e9s 2019\/2020<\/span><\/strong><\/span><\/h4>\n<h4><span class=\"has-inline-color has-black-color\"><strong>Bohler Tim\/ Brach Robin\/ Cesari Andrea\/ Chojecki Damian\/ Da Silva Paiva Ana\/ Dupont Tino\/ Foetz Valerie\/ Gameiro Dias Dylan\/ Gomes Da Costa Rafael\/ Goncalves Patrick\/ Grundheber Angie\/ Grundheber Marilou\/ Grundheber Maxence\/ Guittet Julie\/ Hansen Cindy\/ Huttin Charles\/ Kieffer Brian\/ Kieffer Dwayne\/ Leroux Issey\/ Muller-Evangelista Louise\/ Pereira Dylan\/ Safi Yasmin\/ Senhor Meily\/ Shehu Alishia\/ Turmes Ella\/ Ventura Dias Tomas\/ Walak Lena\/ Walak Olivier\/ Zyskowski Maksymilian<\/strong><\/span><\/h4>\n<h4><span style=\"color: #a19638;\"><strong><span style=\"text-decoration: underline;\">Concours de dessin SC ERA 2019\/2020<\/span><\/strong><\/span><\/h4>\n<h4><strong><span style=\"color: #000000;\">1i\u00e8re place: Do Vale Casimiro Inaya<\/span><\/strong><\/h4>\n<p><img loading=\"lazy\" decoding=\"async\" class=\"aligncenter  wp-image-4515\" src=\"https:\/\/scera.lu\/wp-content\/uploads\/Inaya-1Place-scaled.jpg\" alt=\"\" width=\"533\" height=\"379\" srcset=\"https:\/\/scera.lu\/wp-content\/uploads\/Inaya-1Place-scaled.jpg 281w, https:\/\/scera.lu\/wp-content\/uploads\/Inaya-1Place-768x546.jpg 768w, https:\/\/scera.lu\/wp-content\/uploads\/Inaya-1Place-1x1.jpg 1w\" sizes=\"auto, (max-width: 533px) 100vw, 533px\" \/><\/p>\n<h4><strong><span style=\"color: #000000;\">2i\u00e8me place: Silva Castro Mafalda<\/span><\/strong><span style=\"color: #ff99cc;\"><strong><span style=\"color: #993300;\"><img loading=\"lazy\" decoding=\"async\" class=\"aligncenter  wp-image-4528\" src=\"https:\/\/scera.lu\/wp-content\/uploads\/Mafalda-2-Place-2-scaled.jpeg\" alt=\"\" width=\"502\" height=\"376\" srcset=\"https:\/\/scera.lu\/wp-content\/uploads\/Mafalda-2-Place-2-scaled.jpeg 267w, https:\/\/scera.lu\/wp-content\/uploads\/Mafalda-2-Place-2-768x576.jpeg 768w, https:\/\/scera.lu\/wp-content\/uploads\/Mafalda-2-Place-2-1536x1152.jpeg 1536w, https:\/\/scera.lu\/wp-content\/uploads\/Mafalda-2-Place-2-2048x1536.jpeg 2048w, https:\/\/scera.lu\/wp-content\/uploads\/Mafalda-2-Place-2-1x1.jpeg 1w\" sizes=\"auto, (max-width: 502px) 100vw, 502px\" \/><\/span><\/strong><\/span><\/h4>\n<h4><span style=\"color: #ff99cc;\"><strong><span style=\"color: #993300;\"><span style=\"color: #000000;\">\u00a0Merci \u00e0 tous nos jeunes participants!<\/span><\/span><\/strong><\/span><\/h4>\n<h4><span style=\"color: #a19638;\"><strong><span style=\"text-decoration: underline;\">25\/10\/2019:Assembl\u00e9e g\u00e9n\u00e9rale du Swimming Club ERA<\/span><\/strong><\/span><\/h4>\n<h4><strong><span style=\"color: #000000;\">Link:<\/span><\/strong><span style=\"color: #0000ff;\"> <strong><span style=\"text-decoration: underline;\"><a style=\"color: #0000ff; text-decoration: underline;\" href=\"https:\/\/www.wort.lu\/de\/mywort\/esch-alzette\/news\/swimming-club-era-finanziell-gut-aufgestellt-trotz-mittelmaessiger-saison-5dbbfdeada2cc1784e34ee4c\">Rapport AG SC ERA 2018\/2019<\/a><\/span><\/strong><\/span><\/h4>\n<h4><span style=\"color: #000000;\"><strong>Nageurs r\u00e9compens\u00e9s de la saison 2018\/2019:<\/strong><\/span><\/h4>\n<h4><span style=\"color: #000000;\"><strong>Bohler Tim, Da Silva Paiva Ana, Defrang Chris, Hansen Cindy, Martins Sousa Pedro, Pereira Dylan, Rege Shaunak, Shehu Alishia, Ventura Dias Tomas, Walak Lena, Walak Olivier, Zyskowski Maksymilian<\/strong><\/span><\/h4>\n<h4><span style=\"color: #000000;\"><strong><span style=\"text-decoration: underline;\"><span style=\"color: #0000ff; text-decoration: underline;\">Nouveau bonnet de bain<\/span><br \/>\n<\/span><\/strong><\/span><span style=\"color: #000000;\"><img loading=\"lazy\" decoding=\"async\" class=\"size-full wp-image-3630 alignleft\" src=\"https:\/\/scera.lu\/wp-content\/uploads\/Bonnet-noir.jpg\" alt=\"\" width=\"267\" height=\"200\" srcset=\"https:\/\/scera.lu\/wp-content\/uploads\/Bonnet-noir.jpg 267w, https:\/\/scera.lu\/wp-content\/uploads\/Bonnet-noir-768x576.jpg 768w, https:\/\/scera.lu\/wp-content\/uploads\/Bonnet-noir-1x1.jpg 1w\" sizes=\"auto, (max-width: 267px) 100vw, 267px\" \/><\/span><\/h4>\n<h4><strong><span style=\"color: #000000;\">Les nageurs du groupe &lt;&lt;Comp\u00e9titeurs&gt;&gt; nagent avec un nouveau bonnet lors d<\/span><span style=\"color: #000000;\">es comp\u00e9titions.<br \/>\n<\/span><span style=\"color: #000000;\">Le SC ERA remercie le Club 5 pour le sponsoring des bonnets.<\/span><\/strong><\/h4>\n<h4><\/h4>\n<h4><\/h4>\n<h4><\/h4>\n<p>.<\/p>\n<p>.<\/p>\n<h4><span style=\"color: #0000ff;\"><strong><span style=\"text-decoration: underline;\">Spaghetti Owend<\/span><\/strong><strong><span style=\"text-decoration: underline;\">&#x1f35d;<\/span><\/strong><strong><span style=\"text-decoration: underline;\">&#x1f35d;<\/span><\/strong><strong><span style=\"text-decoration: underline;\">&#x1f35d;<\/span><\/strong><\/span><\/h4>\n<h4><strong><span style=\"color: #000000;\">Le premier Spaghetti Owend organis\u00e9 par le Swimming Club ERA, en date du vendredi 21 f\u00e9vrier 2020 \u00e9tait un succ\u00e8s.<\/span><\/strong><\/h4>\n<h4><strong><span style=\"color: #000000;\">Un grand MERCI \u00e0 toutes les personnes pr\u00e9sente<\/span><\/strong><\/h4>\n<h4><span style=\"color: #0000ff;\"><strong><span style=\"text-decoration: underline;\">11+12.10.2019: Cactus Lallange<\/span><\/strong><\/span><\/h4>\n\n\t\t<style type=\"text\/css\">\n\t\t\t#gallery-1 {\n\t\t\t\tmargin: auto;\n\t\t\t}\n\t\t\t#gallery-1 .gallery-item {\n\t\t\t\tfloat: left;\n\t\t\t\tmargin-top: 10px;\n\t\t\t\ttext-align: center;\n\t\t\t\twidth: 33%;\n\t\t\t}\n\t\t\t#gallery-1 img {\n\t\t\t\tborder: 2px solid #cfcfcf;\n\t\t\t}\n\t\t\t#gallery-1 .gallery-caption {\n\t\t\t\tmargin-left: 0;\n\t\t\t}\n\t\t\t\/* see gallery_shortcode() in wp-includes\/media.php *\/\n\t\t<\/style>\n\t\t<div id='gallery-1' class='gallery galleryid-3933 gallery-columns-3 gallery-size-full'><dl class='gallery-item'>\n\t\t\t<dt class='gallery-icon landscape'>\n\t\t\t\t<img loading=\"lazy\" decoding=\"async\" width=\"267\" height=\"200\" src=\"https:\/\/scera.lu\/wp-content\/uploads\/Cactus-2.jpg\" class=\"attachment-full size-full\" alt=\"\" srcset=\"https:\/\/scera.lu\/wp-content\/uploads\/Cactus-2.jpg 267w, https:\/\/scera.lu\/wp-content\/uploads\/Cactus-2-768x576.jpg 768w, https:\/\/scera.lu\/wp-content\/uploads\/Cactus-2-1x1.jpg 1w\" sizes=\"auto, (max-width: 267px) 100vw, 267px\" \/>\n\t\t\t<\/dt><\/dl><dl class='gallery-item'>\n\t\t\t<dt class='gallery-icon portrait'>\n\t\t\t\t<img loading=\"lazy\" decoding=\"async\" width=\"150\" height=\"200\" src=\"https:\/\/scera.lu\/wp-content\/uploads\/Cactus-1.jpg\" class=\"attachment-full size-full\" alt=\"\" srcset=\"https:\/\/scera.lu\/wp-content\/uploads\/Cactus-1.jpg 150w, https:\/\/scera.lu\/wp-content\/uploads\/Cactus-1-768x1024.jpg 768w, https:\/\/scera.lu\/wp-content\/uploads\/Cactus-1-1x1.jpg 1w\" sizes=\"auto, (max-width: 150px) 100vw, 150px\" \/>\n\t\t\t<\/dt><\/dl><dl class='gallery-item'>\n\t\t\t<dt class='gallery-icon landscape'>\n\t\t\t\t<img loading=\"lazy\" decoding=\"async\" width=\"267\" height=\"200\" src=\"https:\/\/scera.lu\/wp-content\/uploads\/Cactus-0.jpg\" class=\"attachment-full size-full\" alt=\"\" srcset=\"https:\/\/scera.lu\/wp-content\/uploads\/Cactus-0.jpg 267w, https:\/\/scera.lu\/wp-content\/uploads\/Cactus-0-768x576.jpg 768w, https:\/\/scera.lu\/wp-content\/uploads\/Cactus-0-1x1.jpg 1w\" sizes=\"auto, (max-width: 267px) 100vw, 267px\" \/>\n\t\t\t<\/dt><\/dl><br style=\"clear: both\" \/>\n\t\t<\/div>\n\n<h4><strong>Le <span style=\"color: #000000;\">comit\u00e9 vous remercie pour votre pr\u00e9sence et soutien pendant ces deux jours.<\/span><\/strong><\/h4>\n<h4><span style=\"color: #0000ff;\"><strong><span style=\"text-decoration: underline;\">08.06.2019: Nuit du sport \u00e0 Esch\/Alzette<\/span><\/strong><\/span><\/h4>\n<p><img loading=\"lazy\" decoding=\"async\" class=\"aligncenter wp-image-3994\" src=\"https:\/\/scera.lu\/wp-content\/uploads\/NDS-2.jpg\" alt=\"\" width=\"400\" height=\"300\" srcset=\"https:\/\/scera.lu\/wp-content\/uploads\/NDS-2.jpg 267w, https:\/\/scera.lu\/wp-content\/uploads\/NDS-2-768x576.jpg 768w, https:\/\/scera.lu\/wp-content\/uploads\/NDS-2-1x1.jpg 1w\" sizes=\"auto, (max-width: 400px) 100vw, 400px\" \/><\/p>\n\n\t\t<style type=\"text\/css\">\n\t\t\t#gallery-2 {\n\t\t\t\tmargin: auto;\n\t\t\t}\n\t\t\t#gallery-2 .gallery-item {\n\t\t\t\tfloat: left;\n\t\t\t\tmargin-top: 10px;\n\t\t\t\ttext-align: center;\n\t\t\t\twidth: 33%;\n\t\t\t}\n\t\t\t#gallery-2 img {\n\t\t\t\tborder: 2px solid #cfcfcf;\n\t\t\t}\n\t\t\t#gallery-2 .gallery-caption {\n\t\t\t\tmargin-left: 0;\n\t\t\t}\n\t\t\t\/* see gallery_shortcode() in wp-includes\/media.php *\/\n\t\t<\/style>\n\t\t<div id='gallery-2' class='gallery galleryid-3933 gallery-columns-3 gallery-size-full'><dl class='gallery-item'>\n\t\t\t<dt class='gallery-icon portrait'>\n\t\t\t\t<img loading=\"lazy\" decoding=\"async\" width=\"150\" height=\"200\" src=\"https:\/\/scera.lu\/wp-content\/uploads\/NDS-0.jpg\" class=\"attachment-full size-full\" alt=\"\" srcset=\"https:\/\/scera.lu\/wp-content\/uploads\/NDS-0.jpg 150w, https:\/\/scera.lu\/wp-content\/uploads\/NDS-0-768x1024.jpg 768w, https:\/\/scera.lu\/wp-content\/uploads\/NDS-0-1x1.jpg 1w\" sizes=\"auto, (max-width: 150px) 100vw, 150px\" \/>\n\t\t\t<\/dt><\/dl><dl class='gallery-item'>\n\t\t\t<dt class='gallery-icon portrait'>\n\t\t\t\t<img loading=\"lazy\" decoding=\"async\" width=\"150\" height=\"200\" src=\"https:\/\/scera.lu\/wp-content\/uploads\/NDS-1.jpg\" class=\"attachment-full size-full\" alt=\"\" srcset=\"https:\/\/scera.lu\/wp-content\/uploads\/NDS-1.jpg 150w, https:\/\/scera.lu\/wp-content\/uploads\/NDS-1-768x1024.jpg 768w, https:\/\/scera.lu\/wp-content\/uploads\/NDS-1-1x1.jpg 1w\" sizes=\"auto, (max-width: 150px) 100vw, 150px\" \/>\n\t\t\t<\/dt><\/dl><dl class='gallery-item'>\n\t\t\t<dt class='gallery-icon portrait'>\n\t\t\t\t<img loading=\"lazy\" decoding=\"async\" width=\"150\" height=\"200\" src=\"https:\/\/scera.lu\/wp-content\/uploads\/NDS-3.jpg\" class=\"attachment-full size-full\" alt=\"\" srcset=\"https:\/\/scera.lu\/wp-content\/uploads\/NDS-3.jpg 150w, https:\/\/scera.lu\/wp-content\/uploads\/NDS-3-768x1024.jpg 768w, https:\/\/scera.lu\/wp-content\/uploads\/NDS-3-1x1.jpg 1w\" sizes=\"auto, (max-width: 150px) 100vw, 150px\" \/>\n\t\t\t<\/dt><\/dl><br style=\"clear: both\" \/>\n\t\t<\/div>\n\n<h4><span style=\"color: #0000ff;\"><strong><span style=\"caret-color: #0000ff;\"><u>25.05.2019: RDV de barbecue<\/u><\/span><\/strong><\/span><\/h4>\n<h4><strong><span style=\"color: #000000;\">Premier RDV en 2019 devant la boucherie Werdel \u00e0 Esch\/Alzette.<br \/>\n<\/span><span style=\"color: #000000;\">On vous remercie pour votre pr\u00e9sence et soutien.<\/span><\/strong><\/h4>\n\n\t\t<style type=\"text\/css\">\n\t\t\t#gallery-3 {\n\t\t\t\tmargin: auto;\n\t\t\t}\n\t\t\t#gallery-3 .gallery-item {\n\t\t\t\tfloat: left;\n\t\t\t\tmargin-top: 10px;\n\t\t\t\ttext-align: center;\n\t\t\t\twidth: 33%;\n\t\t\t}\n\t\t\t#gallery-3 img {\n\t\t\t\tborder: 2px solid #cfcfcf;\n\t\t\t}\n\t\t\t#gallery-3 .gallery-caption {\n\t\t\t\tmargin-left: 0;\n\t\t\t}\n\t\t\t\/* see gallery_shortcode() in wp-includes\/media.php *\/\n\t\t<\/style>\n\t\t<div id='gallery-3' class='gallery galleryid-3933 gallery-columns-3 gallery-size-full'><dl class='gallery-item'>\n\t\t\t<dt class='gallery-icon portrait'>\n\t\t\t\t<img loading=\"lazy\" decoding=\"async\" width=\"150\" height=\"200\" src=\"https:\/\/scera.lu\/wp-content\/uploads\/Werdel-2505-1.jpg\" class=\"attachment-full size-full\" alt=\"\" srcset=\"https:\/\/scera.lu\/wp-content\/uploads\/Werdel-2505-1.jpg 150w, https:\/\/scera.lu\/wp-content\/uploads\/Werdel-2505-1-768x1024.jpg 768w, https:\/\/scera.lu\/wp-content\/uploads\/Werdel-2505-1-1x1.jpg 1w\" sizes=\"auto, (max-width: 150px) 100vw, 150px\" \/>\n\t\t\t<\/dt><\/dl><dl class='gallery-item'>\n\t\t\t<dt class='gallery-icon portrait'>\n\t\t\t\t<img loading=\"lazy\" decoding=\"async\" width=\"150\" height=\"200\" src=\"https:\/\/scera.lu\/wp-content\/uploads\/Werdel-2505-2.jpg\" class=\"attachment-full size-full\" alt=\"\" srcset=\"https:\/\/scera.lu\/wp-content\/uploads\/Werdel-2505-2.jpg 150w, https:\/\/scera.lu\/wp-content\/uploads\/Werdel-2505-2-768x1024.jpg 768w, https:\/\/scera.lu\/wp-content\/uploads\/Werdel-2505-2-1x1.jpg 1w\" sizes=\"auto, (max-width: 150px) 100vw, 150px\" \/>\n\t\t\t<\/dt><\/dl><dl class='gallery-item'>\n\t\t\t<dt class='gallery-icon portrait'>\n\t\t\t\t<img loading=\"lazy\" decoding=\"async\" width=\"150\" height=\"200\" src=\"https:\/\/scera.lu\/wp-content\/uploads\/Werdel-2505-5.jpg\" class=\"attachment-full size-full\" alt=\"\" srcset=\"https:\/\/scera.lu\/wp-content\/uploads\/Werdel-2505-5.jpg 150w, https:\/\/scera.lu\/wp-content\/uploads\/Werdel-2505-5-768x1024.jpg 768w, https:\/\/scera.lu\/wp-content\/uploads\/Werdel-2505-5-1x1.jpg 1w\" sizes=\"auto, (max-width: 150px) 100vw, 150px\" \/>\n\t\t\t<\/dt><\/dl><br style=\"clear: both\" \/><dl class='gallery-item'>\n\t\t\t<dt class='gallery-icon landscape'>\n\t\t\t\t<img loading=\"lazy\" decoding=\"async\" width=\"267\" height=\"200\" src=\"https:\/\/scera.lu\/wp-content\/uploads\/Werdel-2505-0.jpg\" class=\"attachment-full size-full\" alt=\"\" srcset=\"https:\/\/scera.lu\/wp-content\/uploads\/Werdel-2505-0.jpg 267w, https:\/\/scera.lu\/wp-content\/uploads\/Werdel-2505-0-768x576.jpg 768w, https:\/\/scera.lu\/wp-content\/uploads\/Werdel-2505-0-1x1.jpg 1w\" sizes=\"auto, (max-width: 267px) 100vw, 267px\" \/>\n\t\t\t<\/dt><\/dl><dl class='gallery-item'>\n\t\t\t<dt class='gallery-icon portrait'>\n\t\t\t\t<img loading=\"lazy\" decoding=\"async\" width=\"150\" height=\"200\" src=\"https:\/\/scera.lu\/wp-content\/uploads\/Werdel-2505-6.jpg\" class=\"attachment-full size-full\" alt=\"\" srcset=\"https:\/\/scera.lu\/wp-content\/uploads\/Werdel-2505-6.jpg 150w, https:\/\/scera.lu\/wp-content\/uploads\/Werdel-2505-6-768x1024.jpg 768w, https:\/\/scera.lu\/wp-content\/uploads\/Werdel-2505-6-1x1.jpg 1w\" sizes=\"auto, (max-width: 150px) 100vw, 150px\" \/>\n\t\t\t<\/dt><\/dl><dl class='gallery-item'>\n\t\t\t<dt class='gallery-icon portrait'>\n\t\t\t\t<img loading=\"lazy\" decoding=\"async\" width=\"150\" height=\"200\" src=\"https:\/\/scera.lu\/wp-content\/uploads\/Werdel-2505-3.jpg\" class=\"attachment-full size-full\" alt=\"\" srcset=\"https:\/\/scera.lu\/wp-content\/uploads\/Werdel-2505-3.jpg 150w, https:\/\/scera.lu\/wp-content\/uploads\/Werdel-2505-3-768x1024.jpg 768w, https:\/\/scera.lu\/wp-content\/uploads\/Werdel-2505-3-1x1.jpg 1w\" sizes=\"auto, (max-width: 150px) 100vw, 150px\" \/>\n\t\t\t<\/dt><\/dl><br style=\"clear: both\" \/>\n\t\t<\/div>\n\n<h4><span style=\"color: #0000ff;\"><strong><span style=\"text-decoration: underline;\">Cactus Lallange 02.+03.\/11\/18<\/span><\/strong><\/span><\/h4>\n<h4><strong><span style=\"color: #000000;\">Le comit\u00e9 du SC ERA\u00a0vous remercie pour votre pr\u00e9sence\/soutien pendant ce weekend. \u00a0<\/span><\/strong><\/h4>\n<p><img loading=\"lazy\" decoding=\"async\" class=\"aligncenter size-full wp-image-3652\" src=\"https:\/\/scera.lu\/wp-content\/uploads\/IMG_3291.jpg\" alt=\"\" width=\"267\" height=\"200\" srcset=\"https:\/\/scera.lu\/wp-content\/uploads\/IMG_3291.jpg 267w, https:\/\/scera.lu\/wp-content\/uploads\/IMG_3291-768x576.jpg 768w, https:\/\/scera.lu\/wp-content\/uploads\/IMG_3291-1x1.jpg 1w\" sizes=\"auto, (max-width: 267px) 100vw, 267px\" \/><\/p>\n<p><img loading=\"lazy\" decoding=\"async\" class=\"size-full wp-image-3651 alignleft\" src=\"https:\/\/scera.lu\/wp-content\/uploads\/IMG_3286.jpg\" alt=\"\" width=\"267\" height=\"200\" srcset=\"https:\/\/scera.lu\/wp-content\/uploads\/IMG_3286.jpg 267w, https:\/\/scera.lu\/wp-content\/uploads\/IMG_3286-768x576.jpg 768w, https:\/\/scera.lu\/wp-content\/uploads\/IMG_3286-1x1.jpg 1w\" sizes=\"auto, (max-width: 267px) 100vw, 267px\" \/> <img loading=\"lazy\" decoding=\"async\" class=\"size-full wp-image-3650 alignright\" src=\"https:\/\/scera.lu\/wp-content\/uploads\/IMG_3285.jpg\" alt=\"\" width=\"267\" height=\"200\" srcset=\"https:\/\/scera.lu\/wp-content\/uploads\/IMG_3285.jpg 267w, https:\/\/scera.lu\/wp-content\/uploads\/IMG_3285-768x576.jpg 768w, https:\/\/scera.lu\/wp-content\/uploads\/IMG_3285-1x1.jpg 1w\" sizes=\"auto, (max-width: 267px) 100vw, 267px\" \/><\/p>\n<p>.<\/p>\n<p>.<\/p>\n<p>.<\/p>\n<p>.<\/p>\n<p>.<\/p>\n<h4><span style=\"color: #0000ff;\"><strong><span style=\"text-decoration: underline;\">Assembl\u00e9e g\u00e9n\u00e9rale 12\/10\/2018<\/span><\/strong><\/span> <span style=\"color: #c4b256;\"><a style=\"color: #c4b256;\" href=\"https:\/\/www.wort.lu\/de\/mywort\/esch-alzette\/news\/swimming-club-era-mit-positiver-bilanz-5bcd8d44182b657ad3b96897\">Bericht GV 2017\/2018<\/a><\/span><\/h4>\n<h4><strong><span style=\"color: #000000;\">Nageurs r\u00e9compens\u00e9s lors de l&#8217;assembl\u00e9e g\u00e9n\u00e9rale:\u00a0<\/span><\/strong><\/h4>\n<h4><strong><span style=\"color: #000000;\">Da Silva Paiva Ana, Defrang Chris, Foetz Valerie,\u00a0Gameiro Dias Dylan, Goncalves Daniela, Hansen Cindy, Martins Sousa Pedro, Pereira Dylan, Pott Noemie, Rege Shaunak, Rege Shiven, Shehu Alishia, Trombini Sara, Walak Olivier, Zyskowski Maksymilian<\/span><\/strong><\/h4>\n<h4><strong><span style=\"color: #0000ff;\"><span style=\"caret-color: #0000ff;\"><u>RAI \u00e0 Esch\/Alzette 13\/05\/18<\/u><\/span><\/span><\/strong><\/h4>\n<h4><span style=\"color: #000000;\"><a href=\"https:\/\/scera.lu\/wp-content\/uploads\/Coupe-Esch.jpg\"><img loading=\"lazy\" decoding=\"async\" class=\"alignleft size-full wp-image-3427\" src=\"https:\/\/scera.lu\/wp-content\/uploads\/Coupe-Esch.jpg\" alt=\"\" width=\"120\" height=\"200\" srcset=\"https:\/\/scera.lu\/wp-content\/uploads\/Coupe-Esch.jpg 120w, https:\/\/scera.lu\/wp-content\/uploads\/Coupe-Esch-768x1279.jpg 768w, https:\/\/scera.lu\/wp-content\/uploads\/Coupe-Esch-1x1.jpg 1w\" sizes=\"auto, (max-width: 120px) 100vw, 120px\" \/><\/a><\/span><strong><span style=\"color: #000000;\">Avec un bilan de 63 m\u00e9dailles (22 OR, 26 ARGENT, 15 BRONZE) les nageurs du SC ERA ont remport\u00e9 la deuxi\u00e8me place (1112 points). Victoire dans le classement final pour les nageurs\u00a0d&#8217;Athus (1264 points).<br \/>\n<\/span><\/strong><strong><span style=\"color: #000000;\">24 des m\u00e9dailles vont sur le compte de trois de nos nageurs:<br \/>\n<\/span><span style=\"color: #000000;\">Celebic Haris (8x OR)<\/span><\/strong><br \/>\n<strong> <span style=\"color: #000000;\">Hansen Cindy (4x OR, 3x ARGENT, 1x BRONZE)<\/span><\/strong><br \/>\n<strong> <span style=\"color: #000000;\">Krier Dylan (4x OR, 1x ARGENT, 3x BRONZE)<\/span><\/strong><span style=\"color: #ff0000;\"><strong>\u00a0<\/strong><\/span><\/h4>\n<h4><strong><span style=\"color: #0000ff;\"><span style=\"caret-color: #0000ff;\"><u>Nuit du sport 02\/06\/18<\/u><\/span><\/span><\/strong><\/h4>\n<h4><a href=\"https:\/\/scera.lu\/wp-content\/uploads\/NDS2-1.jpg\"><img loading=\"lazy\" decoding=\"async\" class=\"alignleft wp-image-3476\" src=\"https:\/\/scera.lu\/wp-content\/uploads\/NDS2-1.jpg\" alt=\"\" width=\"219\" height=\"164\" srcset=\"https:\/\/scera.lu\/wp-content\/uploads\/NDS2-1.jpg 267w, https:\/\/scera.lu\/wp-content\/uploads\/NDS2-1-768x576.jpg 768w, https:\/\/scera.lu\/wp-content\/uploads\/NDS2-1-1x1.jpg 1w\" sizes=\"auto, (max-width: 219px) 100vw, 219px\" \/><\/a><img loading=\"lazy\" decoding=\"async\" class=\"alignleft wp-image-3475\" src=\"https:\/\/scera.lu\/wp-content\/uploads\/NDS1-1.jpg\" alt=\"\" width=\"219\" height=\"164\" srcset=\"https:\/\/scera.lu\/wp-content\/uploads\/NDS1-1.jpg 267w, https:\/\/scera.lu\/wp-content\/uploads\/NDS1-1-768x576.jpg 768w, https:\/\/scera.lu\/wp-content\/uploads\/NDS1-1-1x1.jpg 1w\" sizes=\"auto, (max-width: 219px) 100vw, 219px\" \/><a href=\"https:\/\/scera.lu\/wp-content\/uploads\/NDS.jpg\"><img loading=\"lazy\" decoding=\"async\" class=\"alignleft size-full wp-image-3474\" src=\"https:\/\/scera.lu\/wp-content\/uploads\/NDS.jpg\" alt=\"\" width=\"150\" height=\"200\" srcset=\"https:\/\/scera.lu\/wp-content\/uploads\/NDS.jpg 150w, https:\/\/scera.lu\/wp-content\/uploads\/NDS-768x1024.jpg 768w, https:\/\/scera.lu\/wp-content\/uploads\/NDS-1x1.jpg 1w\" sizes=\"auto, (max-width: 150px) 100vw, 150px\" \/><\/a><\/h4>\n<h4><\/h4>\n<h3><span style=\"color: #ff0000;\"><strong>\u00a0 \u00a0 \u00a0 \u00a0 \u00a0 \u00a0 \u00a0 \u00a0 \u00a0 \u00a0 \u00a0 \u00a0 \u00a0 \u00a0 \u00a0 \u00a0 \u00a0 \u00a0 \u00a0 \u00a0 \u00a0 <\/strong><\/span><\/h3>\n<h3><\/h3>\n<h3><\/h3>\n<h3><\/h3>\n<h4><\/h4>\n","protected":false},"excerpt":{"rendered":"<p>Nageurs r\u00e9compens\u00e9s 2020\/2021 BOHLER Tim \/\u00a0CESARI Andrea \/ CHOJECKI Damian \/ DUPONT Tino \/ GUITTET Julie \/ LICINA Sara \/ MULLER-EVANGELISTA Louise \/ NONOA Francis \/\u00a0NONOA P\u00e9nielle \/\u00a0PEREIRA Dylan \/\u00a0SAFI Yasmin \/ SENHOR Meily \/\u00a0SHEHU Alishia \/ SHEHU Noah \/\u00a0SILVA CASTRO Mafalda \/\u00a0VENTURA DIAS Tomas \/ WALAK Olivier\u00a0\/ WALAK Lena Nageurs r\u00e9compens\u00e9s 2019\/2020 Bohler Tim\/ [&hellip;]<\/p>\n","protected":false},"author":2,"featured_media":0,"parent":985,"menu_order":-1,"comment_status":"closed","ping_status":"closed","template":"","meta":{"footnotes":""},"class_list":["post-3933","page","type-page","status-publish","hentry"],"_links":{"self":[{"href":"https:\/\/scera.lu\/index.php?rest_route=\/wp\/v2\/pages\/3933","targetHints":{"allow":["GET"]}}],"collection":[{"href":"https:\/\/scera.lu\/index.php?rest_route=\/wp\/v2\/pages"}],"about":[{"href":"https:\/\/scera.lu\/index.php?rest_route=\/wp\/v2\/types\/page"}],"author":[{"embeddable":true,"href":"https:\/\/scera.lu\/index.php?rest_route=\/wp\/v2\/users\/2"}],"replies":[{"embeddable":true,"href":"https:\/\/scera.lu\/index.php?rest_route=%2Fwp%2Fv2%2Fcomments&post=3933"}],"version-history":[{"count":62,"href":"https:\/\/scera.lu\/index.php?rest_route=\/wp\/v2\/pages\/3933\/revisions"}],"predecessor-version":[{"id":6819,"href":"https:\/\/scera.lu\/index.php?rest_route=\/wp\/v2\/pages\/3933\/revisions\/6819"}],"up":[{"embeddable":true,"href":"https:\/\/scera.lu\/index.php?rest_route=\/wp\/v2\/pages\/985"}],"wp:attachment":[{"href":"https:\/\/scera.lu\/index.php?rest_route=%2Fwp%2Fv2%2Fmedia&parent=3933"}],"curies":[{"name":"wp","href":"https:\/\/api.w.org\/{rel}","templated":true}]}}