{"id":5010,"date":"2020-12-13T16:52:32","date_gmt":"2020-12-13T15:52:32","guid":{"rendered":"http:\/\/scera.lu\/?page_id=5010"},"modified":"2020-12-13T17:53:15","modified_gmt":"2020-12-13T16:53:15","slug":"saison-2019-2020-competitions","status":"publish","type":"page","link":"https:\/\/scera.lu\/?page_id=5010","title":{"rendered":"Saison 2019\/2020 &#8211; Comp\u00e9titions"},"content":{"rendered":"\n<p style=\"font-size:18px\"><strong><span class=\"has-inline-color has-vivid-cyan-blue-color\">03.11.2019 Sprints&amp;More \u00e0 Diekirch<\/span><\/strong><\/p>\n\n\n\n<div class=\"wp-block-image\"><figure class=\"aligncenter is-resized\"><img loading=\"lazy\" decoding=\"async\" src=\"https:\/\/scera.lu\/wp-content\/uploads\/CNDie-03.11.19.jpg\" alt=\"\" class=\"wp-image-4330\" width=\"419\" height=\"314\" srcset=\"https:\/\/scera.lu\/wp-content\/uploads\/CNDie-03.11.19.jpg 267w, https:\/\/scera.lu\/wp-content\/uploads\/CNDie-03.11.19-768x576.jpg 768w, https:\/\/scera.lu\/wp-content\/uploads\/CNDie-03.11.19-1x1.jpg 1w\" sizes=\"auto, (max-width: 419px) 100vw, 419px\" \/><\/figure><\/div>\n\n\n\n<p style=\"font-size:18px\"><strong><span class=\"has-inline-color has-vivid-cyan-blue-color\">24.11.2019 Challenge International \u00e0 Wiltz<\/span><\/strong><\/p>\n\n\n\n<div class=\"wp-block-image\"><figure class=\"aligncenter size-large is-resized\"><img loading=\"lazy\" decoding=\"async\" src=\"https:\/\/scera.lu\/wp-content\/uploads\/CNW-24.11.19-1-scaled.jpg\" alt=\"\" class=\"wp-image-4365\" width=\"375\" height=\"282\" srcset=\"https:\/\/scera.lu\/wp-content\/uploads\/CNW-24.11.19-1-scaled.jpg 267w, https:\/\/scera.lu\/wp-content\/uploads\/CNW-24.11.19-1-768x576.jpg 768w, https:\/\/scera.lu\/wp-content\/uploads\/CNW-24.11.19-1-1536x1152.jpg 1536w, https:\/\/scera.lu\/wp-content\/uploads\/CNW-24.11.19-1-2048x1536.jpg 2048w, https:\/\/scera.lu\/wp-content\/uploads\/CNW-24.11.19-1-1x1.jpg 1w\" sizes=\"auto, (max-width: 375px) 100vw, 375px\" \/><\/figure><\/div>\n\n\n\n<h3 class=\"has-text-align-left wp-block-heading\" style=\"font-size:17px\"><span class=\"has-inline-color has-vivid-cyan-blue-color\"><strong>12.01.2020 Journ\u00e9e de l&#8217;Amiti\u00e9 \u00e0 P\u00e9tange<\/strong> <\/span><span class=\"has-inline-color has-black-color\"><br><strong>Excellente 3i\u00e8me place (13 clubs au total) GC<\/strong><\/span><\/h3>\n\n\n\n<div class=\"wp-block-image\"><figure class=\"aligncenter is-resized\"><img loading=\"lazy\" decoding=\"async\" src=\"https:\/\/scera.lu\/wp-content\/uploads\/CNP-12.01.2020-scaled.jpg\" alt=\"\" class=\"wp-image-4402\" width=\"457\" height=\"343\" srcset=\"https:\/\/scera.lu\/wp-content\/uploads\/CNP-12.01.2020-scaled.jpg 768w, https:\/\/scera.lu\/wp-content\/uploads\/CNP-12.01.2020-1x1.jpg 1w\" sizes=\"auto, (max-width: 457px) 100vw, 457px\" \/><\/figure><\/div>\n\n\n\n<p style=\"font-size:18px\"><strong><strong><span class=\"has-inline-color has-vivid-cyan-blue-color\">09.02.2020 Coupe du Syndicat \u00e0 Esch\/Alzette<\/span><\/strong> <span class=\"has-inline-color has-black-color\">&#8211; <strong>2i\u00e8me place CG<\/strong><\/span><\/strong><\/p>\n\n\n\n<div class=\"wp-block-image\"><figure class=\"aligncenter is-resized\"><img loading=\"lazy\" decoding=\"async\" src=\"https:\/\/scera.lu\/wp-content\/uploads\/Esch-09.02.2020-2-scaled.jpg\" alt=\"\" class=\"wp-image-4439\" width=\"502\" height=\"377\" srcset=\"https:\/\/scera.lu\/wp-content\/uploads\/Esch-09.02.2020-2-scaled.jpg 768w, https:\/\/scera.lu\/wp-content\/uploads\/Esch-09.02.2020-2-1536x1152.jpg 1536w, https:\/\/scera.lu\/wp-content\/uploads\/Esch-09.02.2020-2-2048x1536.jpg 2048w, https:\/\/scera.lu\/wp-content\/uploads\/Esch-09.02.2020-2-1x1.jpg 1w\" sizes=\"auto, (max-width: 502px) 100vw, 502px\" \/><\/figure><\/div>\n\n\n\n<h3 class=\"wp-block-heading\" id=\"block-979db7f3-0001-4493-aa69-60d367fd81b0\" style=\"font-size:17px\"><span class=\"has-inline-color has-black-color\"><strong>Relais 4&#215;50 NL, Mixte<br>1i\u00e8re place pour Swimming Club ERA 1:<\/strong><br><strong>Celebic Haris\/Hansen Cindy\/Pereira Dylan\/Grundheber Angie<\/strong><br><strong>3i\u00e8me place&nbsp;pour Swimming Club ERA 2:<\/strong><br><strong>Grundheber Marilou\/Zyskowski Maksymilian\/Da Silva Paiva Ana\/Walak Olivier<\/strong><\/span><\/h3>\n\n\n\n<p style=\"font-size:18px\"><strong><span class=\"has-inline-color has-vivid-cyan-blue-color\">08.03.2020 Journ\u00e9e de l&#8217;Amiti\u00e9 \u00e0 Redange<\/span><\/strong><\/p>\n\n\n\n<div class=\"wp-block-image\"><figure class=\"aligncenter size-large is-resized\"><img loading=\"lazy\" decoding=\"async\" src=\"https:\/\/scera.lu\/wp-content\/uploads\/SCR-08.03.2020-scaled.jpg\" alt=\"\" class=\"wp-image-4465\" width=\"451\" height=\"338\" srcset=\"https:\/\/scera.lu\/wp-content\/uploads\/SCR-08.03.2020-scaled.jpg 768w, https:\/\/scera.lu\/wp-content\/uploads\/SCR-08.03.2020-1x1.jpg 1w\" sizes=\"auto, (max-width: 451px) 100vw, 451px\" \/><\/figure><\/div>\n\n\n\n<p><\/p>\n","protected":false},"excerpt":{"rendered":"<p>03.11.2019 Sprints&amp;More \u00e0 Diekirch 24.11.2019 Challenge International \u00e0 Wiltz 12.01.2020 Journ\u00e9e de l&#8217;Amiti\u00e9 \u00e0 P\u00e9tange Excellente 3i\u00e8me place (13 clubs au total) GC 09.02.2020 Coupe du Syndicat \u00e0 Esch\/Alzette &#8211; 2i\u00e8me place CG Relais 4&#215;50 NL, Mixte1i\u00e8re place pour Swimming Club ERA 1:Celebic Haris\/Hansen Cindy\/Pereira Dylan\/Grundheber Angie3i\u00e8me place&nbsp;pour Swimming Club ERA 2:Grundheber Marilou\/Zyskowski Maksymilian\/Da Silva [&hellip;]<\/p>\n","protected":false},"author":2,"featured_media":0,"parent":124,"menu_order":-3,"comment_status":"closed","ping_status":"closed","template":"","meta":{"footnotes":""},"class_list":["post-5010","page","type-page","status-publish","hentry"],"_links":{"self":[{"href":"https:\/\/scera.lu\/index.php?rest_route=\/wp\/v2\/pages\/5010","targetHints":{"allow":["GET"]}}],"collection":[{"href":"https:\/\/scera.lu\/index.php?rest_route=\/wp\/v2\/pages"}],"about":[{"href":"https:\/\/scera.lu\/index.php?rest_route=\/wp\/v2\/types\/page"}],"author":[{"embeddable":true,"href":"https:\/\/scera.lu\/index.php?rest_route=\/wp\/v2\/users\/2"}],"replies":[{"embeddable":true,"href":"https:\/\/scera.lu\/index.php?rest_route=%2Fwp%2Fv2%2Fcomments&post=5010"}],"version-history":[{"count":41,"href":"https:\/\/scera.lu\/index.php?rest_route=\/wp\/v2\/pages\/5010\/revisions"}],"predecessor-version":[{"id":5083,"href":"https:\/\/scera.lu\/index.php?rest_route=\/wp\/v2\/pages\/5010\/revisions\/5083"}],"up":[{"embeddable":true,"href":"https:\/\/scera.lu\/index.php?rest_route=\/wp\/v2\/pages\/124"}],"wp:attachment":[{"href":"https:\/\/scera.lu\/index.php?rest_route=%2Fwp%2Fv2%2Fmedia&parent=5010"}],"curies":[{"name":"wp","href":"https:\/\/api.w.org\/{rel}","templated":true}]}}