{"id":5485,"date":"2021-09-12T10:34:09","date_gmt":"2021-09-12T09:34:09","guid":{"rendered":"http:\/\/scera.lu\/?page_id=5485"},"modified":"2021-12-07T11:16:00","modified_gmt":"2021-12-07T10:16:00","slug":"saison-2019-2020-competitions-2","status":"publish","type":"page","link":"https:\/\/scera.lu\/?page_id=5485","title":{"rendered":"Saison 2020\/2021: Comp\u00e9titions +"},"content":{"rendered":"<div>\n<h3><span style=\"color: #00ccff;\"><strong><span style=\"text-decoration: underline;\">Entra\u00eenement 22\/02\/2021<\/span><\/strong><\/span><\/h3>\n<p><span style=\"color: #000000;\"><strong><img loading=\"lazy\" decoding=\"async\" class=\"size-full wp-image-5189 alignleft\" src=\"https:\/\/scera.lu\/wp-content\/uploads\/Team-1-scaled.jpeg\" alt=\"\" width=\"267\" height=\"200\" srcset=\"https:\/\/scera.lu\/wp-content\/uploads\/Team-1-scaled.jpeg 267w, https:\/\/scera.lu\/wp-content\/uploads\/Team-1-768x576.jpeg 768w, https:\/\/scera.lu\/wp-content\/uploads\/Team-1-1x1.jpeg 1w\" sizes=\"auto, (max-width: 267px) 100vw, 267px\" \/><img loading=\"lazy\" decoding=\"async\" class=\"size-full wp-image-5190 alignright\" src=\"https:\/\/scera.lu\/wp-content\/uploads\/Team-2-scaled.jpeg\" alt=\"\" width=\"267\" height=\"200\" srcset=\"https:\/\/scera.lu\/wp-content\/uploads\/Team-2-scaled.jpeg 267w, https:\/\/scera.lu\/wp-content\/uploads\/Team-2-768x576.jpeg 768w, https:\/\/scera.lu\/wp-content\/uploads\/Team-2-1x1.jpeg 1w\" sizes=\"auto, (max-width: 267px) 100vw, 267px\" \/><\/strong><\/span><\/p>\n<\/div>\n<h4>\u00a0<\/h4>\n<p>\u00a0<\/p>\n<h4>\u00a0<\/h4>\n<h4>\u00a0<\/h4>\n<p>\u00a0<\/p>\n<h3><span style=\"color: #00ccff;\"><strong><span style=\"text-decoration: underline;\">1i\u00e8re comp\u00e9tition de la saison-Forfait<\/span><\/strong><\/span><\/h3>\n<h5><strong><span style=\"color: #000000;\">La premi\u00e8re comp\u00e9tition de la saison (et\u00a0depuis plus que 7 mois)\u00a0pour nos nageurs\u00a0\u00e9tait pr\u00e9vue pour le weekend du \u00a024+25 octobre 2020 \u00e0 Ettelbruck.<\/span><br \/><span style=\"color: #000000;\">Apr\u00e8s la mise en place de nouvelles mesures lors de la conf\u00e9rence de presse du Premier ministre en date du 23 octobre, le SC ERA a pris la d\u00e9cision de d\u00e9clarer forfait toute l\u2019\u00e9quipe.<\/span><br \/><\/strong><\/h5>\n<h3><span style=\"color: #00ccff;\"><strong><span style=\"text-decoration: underline;\">26\/03\/2021:\u00a0<\/span><\/strong><\/span><span style=\"color: #00ccff;\"><strong><span style=\"text-decoration: underline;\">Simulation de comp\u00e9tition<\/span><\/strong><\/span><\/h3>\n<p><img loading=\"lazy\" decoding=\"async\" class=\"aligncenter  wp-image-5261\" src=\"https:\/\/scera.lu\/wp-content\/uploads\/TeamCC1-scaled-e1617006396162.jpg\" sizes=\"auto, (max-width: 568px) 100vw, 568px\" srcset=\"https:\/\/scera.lu\/wp-content\/uploads\/TeamCC1-scaled-e1617006396162.jpg 768w, https:\/\/scera.lu\/wp-content\/uploads\/TeamCC1-scaled-e1617006396162-1x1.jpg 1w\" alt=\"\" width=\"568\" height=\"426\" \/><\/p>\n<h5><strong><span style=\"color: #000000;\">Lors de l\u2019entra\u00eenement du vendredi soir, 11 nageurs ont particip\u00e9 \u00e0 une simulation de comp\u00e9tition. Apr\u00e8s plus d\u2019un an sans course, ils \u00e9taient tous motiv\u00e9s et ont montr\u00e9 que les efforts des derniers mois se paient.<\/span><\/strong><\/h5>\n<h5><strong><span style=\"color: #000000;\">Les nageurs ont r\u00e9alis\u00e9 pas moins que 65 meilleures performances lors des 77 d\u00e9parts!&#x1f525;&#x1f44f;&#x1f4aa;<\/span><\/strong><\/h5>\n\n\t\t<style type=\"text\/css\">\n\t\t\t#gallery-1 {\n\t\t\t\tmargin: auto;\n\t\t\t}\n\t\t\t#gallery-1 .gallery-item {\n\t\t\t\tfloat: left;\n\t\t\t\tmargin-top: 10px;\n\t\t\t\ttext-align: center;\n\t\t\t\twidth: 33%;\n\t\t\t}\n\t\t\t#gallery-1 img {\n\t\t\t\tborder: 2px solid #cfcfcf;\n\t\t\t}\n\t\t\t#gallery-1 .gallery-caption {\n\t\t\t\tmargin-left: 0;\n\t\t\t}\n\t\t\t\/* see gallery_shortcode() in wp-includes\/media.php *\/\n\t\t<\/style>\n\t\t<div id='gallery-1' class='gallery galleryid-5485 gallery-columns-3 gallery-size-full'><dl class='gallery-item'>\n\t\t\t<dt class='gallery-icon portrait'>\n\t\t\t\t<img loading=\"lazy\" decoding=\"async\" width=\"576\" height=\"768\" src=\"https:\/\/scera.lu\/wp-content\/uploads\/CC5-scaled.jpg\" class=\"attachment-full size-full\" alt=\"\" srcset=\"https:\/\/scera.lu\/wp-content\/uploads\/CC5-scaled.jpg 576w, https:\/\/scera.lu\/wp-content\/uploads\/CC5-768x1024.jpg 768w, https:\/\/scera.lu\/wp-content\/uploads\/CC5-1152x1536.jpg 1152w, https:\/\/scera.lu\/wp-content\/uploads\/CC5-1536x2048.jpg 1536w, https:\/\/scera.lu\/wp-content\/uploads\/CC5-1x1.jpg 1w\" sizes=\"auto, (max-width: 576px) 100vw, 576px\" \/>\n\t\t\t<\/dt><\/dl><dl class='gallery-item'>\n\t\t\t<dt class='gallery-icon portrait'>\n\t\t\t\t<img loading=\"lazy\" decoding=\"async\" width=\"576\" height=\"768\" src=\"https:\/\/scera.lu\/wp-content\/uploads\/CC6-scaled.jpeg\" class=\"attachment-full size-full\" alt=\"\" srcset=\"https:\/\/scera.lu\/wp-content\/uploads\/CC6-scaled.jpeg 576w, https:\/\/scera.lu\/wp-content\/uploads\/CC6-1x1.jpeg 1w\" sizes=\"auto, (max-width: 576px) 100vw, 576px\" \/>\n\t\t\t<\/dt><\/dl><dl class='gallery-item'>\n\t\t\t<dt class='gallery-icon portrait'>\n\t\t\t\t<img loading=\"lazy\" decoding=\"async\" width=\"576\" height=\"768\" src=\"https:\/\/scera.lu\/wp-content\/uploads\/CC8-scaled-e1617005863150.jpg\" class=\"attachment-full size-full\" alt=\"\" srcset=\"https:\/\/scera.lu\/wp-content\/uploads\/CC8-scaled-e1617005863150.jpg 576w, https:\/\/scera.lu\/wp-content\/uploads\/CC8-scaled-e1617005863150-1x1.jpg 1w\" sizes=\"auto, (max-width: 576px) 100vw, 576px\" \/>\n\t\t\t<\/dt><\/dl><br style=\"clear: both\" \/><dl class='gallery-item'>\n\t\t\t<dt class='gallery-icon landscape'>\n\t\t\t\t<img loading=\"lazy\" decoding=\"async\" width=\"768\" height=\"576\" src=\"https:\/\/scera.lu\/wp-content\/uploads\/CC0-scaled.jpeg\" class=\"attachment-full size-full\" alt=\"\" srcset=\"https:\/\/scera.lu\/wp-content\/uploads\/CC0-scaled.jpeg 768w, https:\/\/scera.lu\/wp-content\/uploads\/CC0-1x1.jpeg 1w\" sizes=\"auto, (max-width: 768px) 100vw, 768px\" \/>\n\t\t\t<\/dt><\/dl><dl class='gallery-item'>\n\t\t\t<dt class='gallery-icon landscape'>\n\t\t\t\t<img loading=\"lazy\" decoding=\"async\" width=\"768\" height=\"576\" src=\"https:\/\/scera.lu\/wp-content\/uploads\/CC2-scaled.jpeg\" class=\"attachment-full size-full\" alt=\"\" srcset=\"https:\/\/scera.lu\/wp-content\/uploads\/CC2-scaled.jpeg 768w, https:\/\/scera.lu\/wp-content\/uploads\/CC2-1x1.jpeg 1w\" sizes=\"auto, (max-width: 768px) 100vw, 768px\" \/>\n\t\t\t<\/dt><\/dl><dl class='gallery-item'>\n\t\t\t<dt class='gallery-icon landscape'>\n\t\t\t\t<img loading=\"lazy\" decoding=\"async\" width=\"768\" height=\"576\" src=\"https:\/\/scera.lu\/wp-content\/uploads\/CC1-scaled.jpeg\" class=\"attachment-full size-full\" alt=\"\" srcset=\"https:\/\/scera.lu\/wp-content\/uploads\/CC1-scaled.jpeg 768w, https:\/\/scera.lu\/wp-content\/uploads\/CC1-1x1.jpeg 1w\" sizes=\"auto, (max-width: 768px) 100vw, 768px\" \/>\n\t\t\t<\/dt><\/dl><br style=\"clear: both\" \/><dl class='gallery-item'>\n\t\t\t<dt class='gallery-icon portrait'>\n\t\t\t\t<img loading=\"lazy\" decoding=\"async\" width=\"576\" height=\"768\" src=\"https:\/\/scera.lu\/wp-content\/uploads\/CC4-scaled.jpeg\" class=\"attachment-full size-full\" alt=\"\" srcset=\"https:\/\/scera.lu\/wp-content\/uploads\/CC4-scaled.jpeg 576w, https:\/\/scera.lu\/wp-content\/uploads\/CC4-1x1.jpeg 1w\" sizes=\"auto, (max-width: 576px) 100vw, 576px\" \/>\n\t\t\t<\/dt><\/dl><dl class='gallery-item'>\n\t\t\t<dt class='gallery-icon portrait'>\n\t\t\t\t<img loading=\"lazy\" decoding=\"async\" width=\"576\" height=\"768\" src=\"https:\/\/scera.lu\/wp-content\/uploads\/CC7-scaled.jpeg\" class=\"attachment-full size-full\" alt=\"\" srcset=\"https:\/\/scera.lu\/wp-content\/uploads\/CC7-scaled.jpeg 576w, https:\/\/scera.lu\/wp-content\/uploads\/CC7-1x1.jpeg 1w\" sizes=\"auto, (max-width: 576px) 100vw, 576px\" \/>\n\t\t\t<\/dt><\/dl><dl class='gallery-item'>\n\t\t\t<dt class='gallery-icon portrait'>\n\t\t\t\t<img loading=\"lazy\" decoding=\"async\" width=\"576\" height=\"768\" src=\"https:\/\/scera.lu\/wp-content\/uploads\/CC9-scaled.jpg\" class=\"attachment-full size-full\" alt=\"\" srcset=\"https:\/\/scera.lu\/wp-content\/uploads\/CC9-scaled.jpg 576w, https:\/\/scera.lu\/wp-content\/uploads\/CC9-768x1024.jpg 768w, https:\/\/scera.lu\/wp-content\/uploads\/CC9-1152x1536.jpg 1152w, https:\/\/scera.lu\/wp-content\/uploads\/CC9-1536x2048.jpg 1536w, https:\/\/scera.lu\/wp-content\/uploads\/CC9-1x1.jpg 1w\" sizes=\"auto, (max-width: 576px) 100vw, 576px\" \/>\n\t\t\t<\/dt><\/dl><br style=\"clear: both\" \/><dl class='gallery-item'>\n\t\t\t<dt class='gallery-icon portrait'>\n\t\t\t\t<img loading=\"lazy\" decoding=\"async\" width=\"576\" height=\"768\" src=\"https:\/\/scera.lu\/wp-content\/uploads\/CC11-scaled.jpeg\" class=\"attachment-full size-full\" alt=\"\" srcset=\"https:\/\/scera.lu\/wp-content\/uploads\/CC11-scaled.jpeg 576w, https:\/\/scera.lu\/wp-content\/uploads\/CC11-1x1.jpeg 1w\" sizes=\"auto, (max-width: 576px) 100vw, 576px\" \/>\n\t\t\t<\/dt><\/dl><dl class='gallery-item'>\n\t\t\t<dt class='gallery-icon portrait'>\n\t\t\t\t<img loading=\"lazy\" decoding=\"async\" width=\"576\" height=\"768\" src=\"https:\/\/scera.lu\/wp-content\/uploads\/CC10-1-scaled.jpg\" class=\"attachment-full size-full\" alt=\"\" srcset=\"https:\/\/scera.lu\/wp-content\/uploads\/CC10-1-scaled.jpg 576w, https:\/\/scera.lu\/wp-content\/uploads\/CC10-1-768x1024.jpg 768w, https:\/\/scera.lu\/wp-content\/uploads\/CC10-1-1152x1536.jpg 1152w, https:\/\/scera.lu\/wp-content\/uploads\/CC10-1-1536x2048.jpg 1536w, https:\/\/scera.lu\/wp-content\/uploads\/CC10-1-1x1.jpg 1w\" sizes=\"auto, (max-width: 576px) 100vw, 576px\" \/>\n\t\t\t<\/dt><\/dl><dl class='gallery-item'>\n\t\t\t<dt class='gallery-icon portrait'>\n\t\t\t\t<img loading=\"lazy\" decoding=\"async\" width=\"576\" height=\"768\" src=\"https:\/\/scera.lu\/wp-content\/uploads\/CC3-scaled-e1617004846865.jpg\" class=\"attachment-full size-full\" alt=\"\" srcset=\"https:\/\/scera.lu\/wp-content\/uploads\/CC3-scaled-e1617004846865.jpg 576w, https:\/\/scera.lu\/wp-content\/uploads\/CC3-scaled-e1617004846865-1x1.jpg 1w\" sizes=\"auto, (max-width: 576px) 100vw, 576px\" \/>\n\t\t\t<\/dt><\/dl><br style=\"clear: both\" \/>\n\t\t<\/div>\n\n<h5><span style=\"color: #000000;\"><strong>Les vainqueurs\u00a0(<\/strong><strong>Gar\u00e7ons\/Filles):<\/strong><\/span><\/h5>\n<h5><span style=\"color: #000000;\"><strong>1i\u00e8re Place: ZYSKOWSKI Maksymilian\/ SHEHU Alishia \u00a0 \u00a0 \u00a0 \u00a0 \u00a0 \u00a0 \u00a0 \u00a0 \u00a0 \u00a0 \u00a0 \u00a0 \u00a0 \u00a0 \u00a0 \u00a0 \u00a0 \u00a0 \u00a0 \u00a0 \u00a0 \u00a0 \u00a0 \u00a0 \u00a0 \u00a0 \u00a0 \u00a0 \u00a0 \u00a0 \u00a0 \u00a0 \u00a0 \u00a0 \u00a0 \u00a0<\/strong><strong style=\"font-size: revert;\">2i\u00e8me Place: WALAK Olivier\/ TURMES Ella \u00a0 \u00a0 \u00a0 \u00a0 \u00a0 \u00a0 \u00a0 \u00a0 \u00a0 \u00a0 \u00a0 \u00a0 \u00a0 \u00a0 \u00a0 \u00a0 \u00a0 \u00a0 \u00a0 \u00a0 \u00a0 \u00a0 \u00a0 \u00a0 \u00a0 \u00a0 \u00a0 \u00a0 \u00a0 \u00a0 \u00a0 \u00a0 \u00a0 \u00a0 \u00a0 \u00a0 \u00a0 \u00a0 \u00a0 \u00a0 \u00a0 \u00a0 \u00a0 \u00a0 \u00a0 \u00a0<\/strong><\/span><span style=\"color: #000000;\"><strong style=\"font-size: revert;\">\u00a0 \u00a0 \u00a03i\u00e8me Place: NONOA Francis\/ JEWOOTAH Nelly<\/strong><\/span><span style=\"color: #000000;\"><strong style=\"font-size: revert;\">\u00a0 \u00a0 \u00a0 \u00a0 \u00a0 \u00a0 \u00a0 \u00a0 \u00a0 \u00a0 \u00a0 \u00a0 \u00a0 \u00a0 \u00a0 \u00a0 \u00a0 \u00a0 \u00a0 \u00a0 \u00a0\u00a0<\/strong><strong><br \/><\/strong><\/span><\/h5>\n<h5><span style=\"color: #000000;\"><strong>Classement g\u00e9n\u00e9ral:<\/strong><\/span><\/h5>\n<h5><span style=\"color: #000000;\"><strong>1i\u00e8re Place: WALAK Olivier \u00a0 \u00a0 \u00a0 \u00a0 \u00a0 \u00a0 \u00a0 \u00a0 \u00a0 \u00a0 \u00a0 \u00a0 \u00a0 \u00a0 \u00a0 \u00a0 \u00a0 \u00a0 \u00a0 \u00a0 \u00a0 \u00a0 \u00a0 \u00a0 \u00a0 \u00a0 \u00a0 \u00a0 \u00a0 \u00a0 \u00a0 \u00a0 \u00a0 \u00a0 \u00a0 \u00a0 \u00a0 \u00a0 \u00a0 \u00a0 \u00a0 \u00a0 \u00a0 \u00a0 \u00a0 \u00a0 \u00a0 \u00a0 \u00a0 \u00a0 \u00a0 \u00a0 \u00a0 \u00a0 \u00a0 \u00a0 \u00a0 \u00a0 \u00a0 2i\u00e8me Place: Z<\/strong><strong>YSKOWSKI Maksymilian<br \/><\/strong><\/span><strong style=\"color: initial;\"><span style=\"color: #000000;\">3i\u00e8me Place: SHEHU Alishia<\/span><\/strong><\/h5>\n<h3><span style=\"color: #00ccff;\"><strong><span style=\"text-decoration: underline;\">01\/05\/2021: Time Trials\/ Diddlenger Schwammfest<\/span><\/strong><\/span><\/h3>\n<p><img loading=\"lazy\" decoding=\"async\" class=\" wp-image-5324 alignright\" src=\"https:\/\/scera.lu\/wp-content\/uploads\/Team-2-TT-scaled.jpeg\" alt=\"\" width=\"305\" height=\"228\" srcset=\"https:\/\/scera.lu\/wp-content\/uploads\/Team-2-TT-scaled.jpeg 768w, https:\/\/scera.lu\/wp-content\/uploads\/Team-2-TT-1x1.jpeg 1w\" sizes=\"auto, (max-width: 305px) 100vw, 305px\" \/> <img loading=\"lazy\" decoding=\"async\" class=\" wp-image-5323 alignleft\" src=\"https:\/\/scera.lu\/wp-content\/uploads\/Team-1-TT-scaled.jpg\" alt=\"\" width=\"272\" height=\"233\" srcset=\"https:\/\/scera.lu\/wp-content\/uploads\/Team-1-TT-scaled.jpg 768w, https:\/\/scera.lu\/wp-content\/uploads\/Team-1-TT-1536x1318.jpg 1536w, https:\/\/scera.lu\/wp-content\/uploads\/Team-1-TT-2048x1757.jpg 2048w, https:\/\/scera.lu\/wp-content\/uploads\/Team-1-TT-1x1.jpg 1w\" sizes=\"auto, (max-width: 272px) 100vw, 272px\" \/><\/p>\n<h5>\u00a0<\/h5>\n<h5>\u00a0<\/h5>\n<h5>\u00a0<\/h5>\n<h5>\u00a0<\/h5>\n<h5>\u00a0<\/h5>\n<h5>\u00a0<\/h5>\n<h5>\u00a0<\/h5>\n<h5><span style=\"color: #000000;\"><strong>Apr\u00e8s l&#8217;adaptation des mesures et plus d&#8217;un ans, c&#8217;\u00e9tait un premier test au grand bassin du<\/strong><strong>\u00a0Campus Geesekn\u00e4ppchen.<br \/><\/strong><strong>BRAVO aux nageurs pour leurs bonnes performances et MERCI aux Cercle de Natation\u00a0<\/strong><\/span><span style=\"color: #000000;\"><strong>Dudelange pour l&#8217;excellente organisation!<\/strong><\/span><\/h5>\n\n\n<figure class=\"wp-block-gallery columns-3 is-cropped wp-block-gallery-1 is-layout-flex wp-block-gallery-is-layout-flex\"><ul class=\"blocks-gallery-grid\"><li class=\"blocks-gallery-item\"><figure><img loading=\"lazy\" decoding=\"async\" width=\"576\" height=\"768\" src=\"https:\/\/scera.lu\/wp-content\/uploads\/TT3-scaled.jpeg\" alt=\"\" data-id=\"5327\" class=\"wp-image-5327\" srcset=\"https:\/\/scera.lu\/wp-content\/uploads\/TT3-scaled.jpeg 576w, https:\/\/scera.lu\/wp-content\/uploads\/TT3-1x1.jpeg 1w\" sizes=\"auto, (max-width: 576px) 100vw, 576px\" \/><\/figure><\/li><li class=\"blocks-gallery-item\"><figure><img loading=\"lazy\" decoding=\"async\" width=\"576\" height=\"768\" src=\"https:\/\/scera.lu\/wp-content\/uploads\/TT4-scaled.jpeg\" alt=\"\" data-id=\"5328\" class=\"wp-image-5328\" srcset=\"https:\/\/scera.lu\/wp-content\/uploads\/TT4-scaled.jpeg 576w, https:\/\/scera.lu\/wp-content\/uploads\/TT4-1x1.jpeg 1w\" sizes=\"auto, (max-width: 576px) 100vw, 576px\" \/><\/figure><\/li><li class=\"blocks-gallery-item\"><figure><img loading=\"lazy\" decoding=\"async\" width=\"576\" height=\"768\" src=\"https:\/\/scera.lu\/wp-content\/uploads\/TT2-scaled.jpeg\" alt=\"\" data-id=\"5326\" class=\"wp-image-5326\" srcset=\"https:\/\/scera.lu\/wp-content\/uploads\/TT2-scaled.jpeg 576w, https:\/\/scera.lu\/wp-content\/uploads\/TT2-1x1.jpeg 1w\" sizes=\"auto, (max-width: 576px) 100vw, 576px\" \/><\/figure><\/li><li class=\"blocks-gallery-item\"><figure><img loading=\"lazy\" decoding=\"async\" width=\"576\" height=\"768\" src=\"https:\/\/scera.lu\/wp-content\/uploads\/TT5-scaled.jpeg\" alt=\"\" data-id=\"5329\" class=\"wp-image-5329\" srcset=\"https:\/\/scera.lu\/wp-content\/uploads\/TT5-scaled.jpeg 576w, https:\/\/scera.lu\/wp-content\/uploads\/TT5-1x1.jpeg 1w\" sizes=\"auto, (max-width: 576px) 100vw, 576px\" \/><\/figure><\/li><li class=\"blocks-gallery-item\"><figure><img loading=\"lazy\" decoding=\"async\" width=\"576\" height=\"768\" src=\"https:\/\/scera.lu\/wp-content\/uploads\/TT1-scaled.jpeg\" alt=\"\" data-id=\"5325\" class=\"wp-image-5325\" srcset=\"https:\/\/scera.lu\/wp-content\/uploads\/TT1-scaled.jpeg 576w, https:\/\/scera.lu\/wp-content\/uploads\/TT1-1x1.jpeg 1w\" sizes=\"auto, (max-width: 576px) 100vw, 576px\" \/><\/figure><\/li><\/ul><\/figure>\n\n\n\n<p><\/p>\n\n\n<h3><span style=\"color: #00ccff;\"><strong><span style=\"text-decoration: underline;\">1<\/span><\/strong><\/span><span style=\"color: #00ccff;\"><strong><span style=\"text-decoration: underline;\">0.07.2021: Open Luxembourg Nationals&#x1f1f1;&#x1f1fa;<\/span><\/strong><\/span><\/h3>\n<h5><strong><span style=\"color: #000000;\">&#x1f1f1;&#x1f1fa;Derni\u00e8re comp\u00e9tition de cette saison compliqu\u00e9e. 5 de nos gar\u00e7ons ont repr\u00e9sent\u00e9 le SC ERA &nbsp;aux Championnats nationaux du Luxembourg en grand bassin<\/span><\/strong><strong><span style=\"color: #000000;\">&#x1f1f1;&#x1f1fa;<\/span><\/strong><\/h5>\n<h5><img loading=\"lazy\" decoding=\"async\" class=\"aligncenter  wp-image-5381\" src=\"https:\/\/scera.lu\/wp-content\/uploads\/TeamOLN2021-2-scaled-e1626188878617.jpg\" alt=\"\" width=\"545\" height=\"409\" srcset=\"https:\/\/scera.lu\/wp-content\/uploads\/TeamOLN2021-2-scaled-e1626188878617.jpg 768w, https:\/\/scera.lu\/wp-content\/uploads\/TeamOLN2021-2-scaled-e1626188878617-1x1.jpg 1w\" sizes=\"auto, (max-width: 545px) 100vw, 545px\" \/><\/h5>\n<p><\/p>","protected":false},"excerpt":{"rendered":"<p>Entra\u00eenement 22\/02\/2021 \u00a0 \u00a0 \u00a0 \u00a0 \u00a0 1i\u00e8re comp\u00e9tition de la saison-Forfait La premi\u00e8re comp\u00e9tition de la saison (et\u00a0depuis plus que 7 mois)\u00a0pour nos nageurs\u00a0\u00e9tait pr\u00e9vue pour le weekend du \u00a024+25 octobre 2020 \u00e0 Ettelbruck.Apr\u00e8s la mise en place de nouvelles mesures lors de la conf\u00e9rence de presse du Premier ministre en date du 23 [&hellip;]<\/p>\n","protected":false},"author":2,"featured_media":0,"parent":124,"menu_order":-4,"comment_status":"closed","ping_status":"closed","template":"","meta":{"footnotes":""},"class_list":["post-5485","page","type-page","status-publish","hentry"],"_links":{"self":[{"href":"https:\/\/scera.lu\/index.php?rest_route=\/wp\/v2\/pages\/5485","targetHints":{"allow":["GET"]}}],"collection":[{"href":"https:\/\/scera.lu\/index.php?rest_route=\/wp\/v2\/pages"}],"about":[{"href":"https:\/\/scera.lu\/index.php?rest_route=\/wp\/v2\/types\/page"}],"author":[{"embeddable":true,"href":"https:\/\/scera.lu\/index.php?rest_route=\/wp\/v2\/users\/2"}],"replies":[{"embeddable":true,"href":"https:\/\/scera.lu\/index.php?rest_route=%2Fwp%2Fv2%2Fcomments&post=5485"}],"version-history":[{"count":48,"href":"https:\/\/scera.lu\/index.php?rest_route=\/wp\/v2\/pages\/5485\/revisions"}],"predecessor-version":[{"id":5680,"href":"https:\/\/scera.lu\/index.php?rest_route=\/wp\/v2\/pages\/5485\/revisions\/5680"}],"up":[{"embeddable":true,"href":"https:\/\/scera.lu\/index.php?rest_route=\/wp\/v2\/pages\/124"}],"wp:attachment":[{"href":"https:\/\/scera.lu\/index.php?rest_route=%2Fwp%2Fv2%2Fmedia&parent=5485"}],"curies":[{"name":"wp","href":"https:\/\/api.w.org\/{rel}","templated":true}]}}