{"id":6023,"date":"2022-09-29T17:39:32","date_gmt":"2022-09-29T16:39:32","guid":{"rendered":"http:\/\/scera.lu\/?page_id=6023"},"modified":"2022-09-29T18:04:26","modified_gmt":"2022-09-29T17:04:26","slug":"competitions-2021-2022","status":"publish","type":"page","link":"https:\/\/scera.lu\/?page_id=6023","title":{"rendered":"Saison 2021\/2022 &#8211; Comp\u00e9titions"},"content":{"rendered":"\n<h4 class=\"has-vivid-cyan-blue-color has-text-color wp-block-heading\"><strong>04.+05 D\u00e9cembre 2021: CHAMPIONNATS NATIONAUX D \u0301HIVER 2021&#x1f1f1;&#x1f1fa;&#x1f1f1;&#x1f1fa;&#x1f1f1;&#x1f1fa;<\/strong> <\/h4>\n\n\n\n<figure class=\"wp-block-gallery has-nested-images columns-default is-cropped wp-block-gallery-1 is-layout-flex wp-block-gallery-is-layout-flex\">\n<figure class=\"wp-block-image size-large\"><img loading=\"lazy\" decoding=\"async\" width=\"267\" height=\"200\" data-id=\"5673\" src=\"https:\/\/scera.lu\/wp-content\/uploads\/CNH-1-2-scaled.jpg\" alt=\"\" class=\"wp-image-5673\" srcset=\"https:\/\/scera.lu\/wp-content\/uploads\/CNH-1-2-scaled.jpg 267w, https:\/\/scera.lu\/wp-content\/uploads\/CNH-1-2-768x576.jpg 768w, https:\/\/scera.lu\/wp-content\/uploads\/CNH-1-2-1536x1152.jpg 1536w, https:\/\/scera.lu\/wp-content\/uploads\/CNH-1-2-2048x1536.jpg 2048w, https:\/\/scera.lu\/wp-content\/uploads\/CNH-1-2-1x1.jpg 1w\" sizes=\"auto, (max-width: 267px) 100vw, 267px\" \/><\/figure>\n\n\n\n<figure class=\"wp-block-image size-large\"><img loading=\"lazy\" decoding=\"async\" width=\"267\" height=\"200\" data-id=\"5669\" src=\"https:\/\/scera.lu\/wp-content\/uploads\/CNH-2-scaled.jpg\" alt=\"\" class=\"wp-image-5669\" srcset=\"https:\/\/scera.lu\/wp-content\/uploads\/CNH-2-scaled.jpg 267w, https:\/\/scera.lu\/wp-content\/uploads\/CNH-2-768x576.jpg 768w, https:\/\/scera.lu\/wp-content\/uploads\/CNH-2-1536x1152.jpg 1536w, https:\/\/scera.lu\/wp-content\/uploads\/CNH-2-2048x1536.jpg 2048w, https:\/\/scera.lu\/wp-content\/uploads\/CNH-2-1x1.jpg 1w\" sizes=\"auto, (max-width: 267px) 100vw, 267px\" \/><\/figure>\n<\/figure>\n\n\n\n<h4 class=\"has-vivid-cyan-blue-color has-text-color wp-block-heading\"><strong><u>12 D\u00e9cembre 2021: Swim Trophy \u00e0 Esch\/Alzette<\/u><\/strong><\/h4>\n\n\n\n<figure class=\"wp-block-gallery has-nested-images columns-default is-cropped wp-block-gallery-2 is-layout-flex wp-block-gallery-is-layout-flex\">\n<figure class=\"wp-block-image size-large\"><img loading=\"lazy\" decoding=\"async\" width=\"267\" height=\"200\" data-id=\"5693\" src=\"https:\/\/scera.lu\/wp-content\/uploads\/ST2-scaled.jpg\" alt=\"\" class=\"wp-image-5693\" srcset=\"https:\/\/scera.lu\/wp-content\/uploads\/ST2-scaled.jpg 267w, https:\/\/scera.lu\/wp-content\/uploads\/ST2-768x576.jpg 768w, https:\/\/scera.lu\/wp-content\/uploads\/ST2-1536x1152.jpg 1536w, https:\/\/scera.lu\/wp-content\/uploads\/ST2-2048x1536.jpg 2048w, https:\/\/scera.lu\/wp-content\/uploads\/ST2-1x1.jpg 1w\" sizes=\"auto, (max-width: 267px) 100vw, 267px\" \/><\/figure>\n\n\n\n<figure class=\"wp-block-image size-large\"><img loading=\"lazy\" decoding=\"async\" width=\"267\" height=\"200\" data-id=\"5692\" src=\"https:\/\/scera.lu\/wp-content\/uploads\/ST1-scaled.jpg\" alt=\"\" class=\"wp-image-5692\" srcset=\"https:\/\/scera.lu\/wp-content\/uploads\/ST1-scaled.jpg 267w, https:\/\/scera.lu\/wp-content\/uploads\/ST1-768x576.jpg 768w, https:\/\/scera.lu\/wp-content\/uploads\/ST1-1536x1152.jpg 1536w, https:\/\/scera.lu\/wp-content\/uploads\/ST1-2048x1536.jpg 2048w, https:\/\/scera.lu\/wp-content\/uploads\/ST1-1x1.jpg 1w\" sizes=\"auto, (max-width: 267px) 100vw, 267px\" \/><\/figure>\n<\/figure>\n\n\n\n<h4 class=\"has-vivid-cyan-blue-color has-text-color wp-block-heading\"><strong><u>17 D\u00e9cembre 2021: Christmas Cup &#8211; Simulation<\/u><\/strong><\/h4>\n\n\n<div class=\"wp-block-image\">\n<figure class=\"aligncenter is-resized\"><img loading=\"lazy\" decoding=\"async\" src=\"https:\/\/scera.lu\/wp-content\/uploads\/Team-CC-scaled-e1640188858939.jpeg\" alt=\"\" class=\"wp-image-5738\" width=\"597\" height=\"448\" srcset=\"https:\/\/scera.lu\/wp-content\/uploads\/Team-CC-scaled-e1640188858939.jpeg 768w, https:\/\/scera.lu\/wp-content\/uploads\/Team-CC-scaled-e1640188858939-1x1.jpeg 1w\" sizes=\"auto, (max-width: 597px) 100vw, 597px\" \/><\/figure>\n<\/div>\n\n\n<figure class=\"wp-block-gallery has-nested-images columns-3 is-cropped wp-block-gallery-3 is-layout-flex wp-block-gallery-is-layout-flex\">\n<figure class=\"wp-block-image size-large\"><img loading=\"lazy\" decoding=\"async\" width=\"150\" height=\"200\" data-id=\"5723\" src=\"https:\/\/scera.lu\/wp-content\/uploads\/CC13-scaled.jpg\" alt=\"\" class=\"wp-image-5723\" srcset=\"https:\/\/scera.lu\/wp-content\/uploads\/CC13-scaled.jpg 150w, https:\/\/scera.lu\/wp-content\/uploads\/CC13-768x1026.jpg 768w, https:\/\/scera.lu\/wp-content\/uploads\/CC13-1150x1536.jpg 1150w, https:\/\/scera.lu\/wp-content\/uploads\/CC13-1x1.jpg 1w\" sizes=\"auto, (max-width: 150px) 100vw, 150px\" \/><\/figure>\n\n\n\n<figure class=\"wp-block-image size-large\"><img loading=\"lazy\" decoding=\"async\" width=\"267\" height=\"200\" data-id=\"5716\" src=\"https:\/\/scera.lu\/wp-content\/uploads\/CC6-1-scaled.jpeg\" alt=\"\" class=\"wp-image-5716\" srcset=\"https:\/\/scera.lu\/wp-content\/uploads\/CC6-1-scaled.jpeg 267w, https:\/\/scera.lu\/wp-content\/uploads\/CC6-1-1x1.jpeg 1w\" sizes=\"auto, (max-width: 267px) 100vw, 267px\" \/><\/figure>\n\n\n\n<figure class=\"wp-block-image size-large\"><img loading=\"lazy\" decoding=\"async\" width=\"267\" height=\"200\" data-id=\"5710\" src=\"https:\/\/scera.lu\/wp-content\/uploads\/CC1-1-scaled.jpeg\" alt=\"\" class=\"wp-image-5710\" srcset=\"https:\/\/scera.lu\/wp-content\/uploads\/CC1-1-scaled.jpeg 267w, https:\/\/scera.lu\/wp-content\/uploads\/CC1-1-1x1.jpeg 1w\" sizes=\"auto, (max-width: 267px) 100vw, 267px\" \/><\/figure>\n\n\n\n<figure class=\"wp-block-image size-large\"><img loading=\"lazy\" decoding=\"async\" width=\"267\" height=\"200\" data-id=\"5717\" src=\"https:\/\/scera.lu\/wp-content\/uploads\/CC7-1-scaled.jpeg\" alt=\"\" class=\"wp-image-5717\" srcset=\"https:\/\/scera.lu\/wp-content\/uploads\/CC7-1-scaled.jpeg 267w, https:\/\/scera.lu\/wp-content\/uploads\/CC7-1-1x1.jpeg 1w\" sizes=\"auto, (max-width: 267px) 100vw, 267px\" \/><\/figure>\n\n\n\n<figure class=\"wp-block-image size-large\"><img loading=\"lazy\" decoding=\"async\" width=\"267\" height=\"200\" data-id=\"5714\" src=\"https:\/\/scera.lu\/wp-content\/uploads\/CC4-1-scaled.jpeg\" alt=\"\" class=\"wp-image-5714\" srcset=\"https:\/\/scera.lu\/wp-content\/uploads\/CC4-1-scaled.jpeg 267w, https:\/\/scera.lu\/wp-content\/uploads\/CC4-1-1x1.jpeg 1w\" sizes=\"auto, (max-width: 267px) 100vw, 267px\" \/><\/figure>\n\n\n\n<figure class=\"wp-block-image size-large\"><img loading=\"lazy\" decoding=\"async\" width=\"267\" height=\"200\" data-id=\"5711\" src=\"https:\/\/scera.lu\/wp-content\/uploads\/CC2-1-scaled.jpeg\" alt=\"\" class=\"wp-image-5711\" srcset=\"https:\/\/scera.lu\/wp-content\/uploads\/CC2-1-scaled.jpeg 267w, https:\/\/scera.lu\/wp-content\/uploads\/CC2-1-1x1.jpeg 1w\" sizes=\"auto, (max-width: 267px) 100vw, 267px\" \/><\/figure>\n\n\n\n<figure class=\"wp-block-image size-large\"><img loading=\"lazy\" decoding=\"async\" width=\"267\" height=\"200\" data-id=\"5713\" src=\"https:\/\/scera.lu\/wp-content\/uploads\/CC3-scaled.jpeg\" alt=\"\" class=\"wp-image-5713\" srcset=\"https:\/\/scera.lu\/wp-content\/uploads\/CC3-scaled.jpeg 267w, https:\/\/scera.lu\/wp-content\/uploads\/CC3-1x1.jpeg 1w\" sizes=\"auto, (max-width: 267px) 100vw, 267px\" \/><\/figure>\n\n\n\n<figure class=\"wp-block-image size-large\"><img loading=\"lazy\" decoding=\"async\" width=\"267\" height=\"200\" data-id=\"5715\" src=\"https:\/\/scera.lu\/wp-content\/uploads\/CC5-scaled.jpeg\" alt=\"\" class=\"wp-image-5715\" srcset=\"https:\/\/scera.lu\/wp-content\/uploads\/CC5-scaled.jpeg 267w, https:\/\/scera.lu\/wp-content\/uploads\/CC5-1x1.jpeg 1w\" sizes=\"auto, (max-width: 267px) 100vw, 267px\" \/><\/figure>\n\n\n\n<figure class=\"wp-block-image size-large\"><img loading=\"lazy\" decoding=\"async\" width=\"267\" height=\"200\" data-id=\"5718\" src=\"https:\/\/scera.lu\/wp-content\/uploads\/CC8-scaled.jpeg\" alt=\"\" class=\"wp-image-5718\" srcset=\"https:\/\/scera.lu\/wp-content\/uploads\/CC8-scaled.jpeg 267w, https:\/\/scera.lu\/wp-content\/uploads\/CC8-1x1.jpeg 1w\" sizes=\"auto, (max-width: 267px) 100vw, 267px\" \/><\/figure>\n\n\n\n<figure class=\"wp-block-image size-large\"><img loading=\"lazy\" decoding=\"async\" width=\"267\" height=\"200\" data-id=\"5720\" src=\"https:\/\/scera.lu\/wp-content\/uploads\/CC10-scaled.jpeg\" alt=\"\" class=\"wp-image-5720\" srcset=\"https:\/\/scera.lu\/wp-content\/uploads\/CC10-scaled.jpeg 267w, https:\/\/scera.lu\/wp-content\/uploads\/CC10-768x576.jpeg 768w, https:\/\/scera.lu\/wp-content\/uploads\/CC10-1536x1152.jpeg 1536w, https:\/\/scera.lu\/wp-content\/uploads\/CC10-2048x1536.jpeg 2048w, https:\/\/scera.lu\/wp-content\/uploads\/CC10-1x1.jpeg 1w\" sizes=\"auto, (max-width: 267px) 100vw, 267px\" \/><\/figure>\n\n\n\n<figure class=\"wp-block-image size-large\"><img loading=\"lazy\" decoding=\"async\" width=\"267\" height=\"200\" data-id=\"5719\" src=\"https:\/\/scera.lu\/wp-content\/uploads\/CC9-scaled.jpeg\" alt=\"\" class=\"wp-image-5719\" srcset=\"https:\/\/scera.lu\/wp-content\/uploads\/CC9-scaled.jpeg 267w, https:\/\/scera.lu\/wp-content\/uploads\/CC9-768x576.jpeg 768w, https:\/\/scera.lu\/wp-content\/uploads\/CC9-1536x1152.jpeg 1536w, https:\/\/scera.lu\/wp-content\/uploads\/CC9-2048x1536.jpeg 2048w, https:\/\/scera.lu\/wp-content\/uploads\/CC9-1x1.jpeg 1w\" sizes=\"auto, (max-width: 267px) 100vw, 267px\" \/><\/figure>\n\n\n\n<figure class=\"wp-block-image size-large\"><img loading=\"lazy\" decoding=\"async\" width=\"267\" height=\"200\" data-id=\"5721\" src=\"https:\/\/scera.lu\/wp-content\/uploads\/CC11-1-scaled.jpeg\" alt=\"\" class=\"wp-image-5721\" srcset=\"https:\/\/scera.lu\/wp-content\/uploads\/CC11-1-scaled.jpeg 267w, https:\/\/scera.lu\/wp-content\/uploads\/CC11-1-768x576.jpeg 768w, https:\/\/scera.lu\/wp-content\/uploads\/CC11-1-1536x1152.jpeg 1536w, https:\/\/scera.lu\/wp-content\/uploads\/CC11-1-2048x1536.jpeg 2048w, https:\/\/scera.lu\/wp-content\/uploads\/CC11-1-1x1.jpeg 1w\" sizes=\"auto, (max-width: 267px) 100vw, 267px\" \/><\/figure>\n\n\n\n<figure class=\"wp-block-image size-large\"><img loading=\"lazy\" decoding=\"async\" width=\"150\" height=\"200\" data-id=\"5724\" src=\"https:\/\/scera.lu\/wp-content\/uploads\/CC14-scaled.jpg\" alt=\"\" class=\"wp-image-5724\" srcset=\"https:\/\/scera.lu\/wp-content\/uploads\/CC14-scaled.jpg 150w, https:\/\/scera.lu\/wp-content\/uploads\/CC14-768x1026.jpg 768w, https:\/\/scera.lu\/wp-content\/uploads\/CC14-1150x1536.jpg 1150w, https:\/\/scera.lu\/wp-content\/uploads\/CC14-1x1.jpg 1w\" sizes=\"auto, (max-width: 150px) 100vw, 150px\" \/><\/figure>\n\n\n\n<figure class=\"wp-block-image size-large\"><img loading=\"lazy\" decoding=\"async\" width=\"150\" height=\"200\" data-id=\"5725\" src=\"https:\/\/scera.lu\/wp-content\/uploads\/CC15-scaled.jpg\" alt=\"\" class=\"wp-image-5725\" srcset=\"https:\/\/scera.lu\/wp-content\/uploads\/CC15-scaled.jpg 150w, https:\/\/scera.lu\/wp-content\/uploads\/CC15-768x1026.jpg 768w, https:\/\/scera.lu\/wp-content\/uploads\/CC15-1150x1536.jpg 1150w, https:\/\/scera.lu\/wp-content\/uploads\/CC15-1x1.jpg 1w\" sizes=\"auto, (max-width: 150px) 100vw, 150px\" \/><\/figure>\n\n\n\n<figure class=\"wp-block-image size-large\"><img loading=\"lazy\" decoding=\"async\" width=\"150\" height=\"200\" data-id=\"5722\" src=\"https:\/\/scera.lu\/wp-content\/uploads\/CC12-scaled.jpg\" alt=\"\" class=\"wp-image-5722\" srcset=\"https:\/\/scera.lu\/wp-content\/uploads\/CC12-scaled.jpg 150w, https:\/\/scera.lu\/wp-content\/uploads\/CC12-768x1026.jpg 768w, https:\/\/scera.lu\/wp-content\/uploads\/CC12-1150x1536.jpg 1150w, https:\/\/scera.lu\/wp-content\/uploads\/CC12-1x1.jpg 1w\" sizes=\"auto, (max-width: 150px) 100vw, 150px\" \/><\/figure>\n<\/figure>\n\n\n\n<h5 class=\"has-vivid-cyan-blue-color has-text-color wp-block-heading\"><strong>Vainqueurs Gar\u00e7ons &#8211; Filles&nbsp; &nbsp; &nbsp; &nbsp; &nbsp; &nbsp;&nbsp;<\/strong><\/h5>\n\n\n\n<h5 class=\"has-black-color has-text-color wp-block-heading\"><strong>1i\u00e8re Place: BOHLER Tim &#8211; NONOA P\u00e9nielle<br>2i\u00e8me Place: NONOA Francis &#8211; ROSE Juliette<\/strong><br><strong>3i\u00e8me Place: WALAK Olivier &#8211; WALAK Lena<\/strong><\/h5>\n\n\n\n<figure class=\"wp-block-gallery has-nested-images columns-default is-cropped wp-block-gallery-4 is-layout-flex wp-block-gallery-is-layout-flex\">\n<figure class=\"wp-block-image size-large\"><img loading=\"lazy\" decoding=\"async\" width=\"267\" height=\"200\" data-id=\"5703\" src=\"https:\/\/scera.lu\/wp-content\/uploads\/Boys-CC-scaled.jpeg\" alt=\"\" class=\"wp-image-5703\" srcset=\"https:\/\/scera.lu\/wp-content\/uploads\/Boys-CC-scaled.jpeg 267w, https:\/\/scera.lu\/wp-content\/uploads\/Boys-CC-768x576.jpeg 768w, https:\/\/scera.lu\/wp-content\/uploads\/Boys-CC-1536x1152.jpeg 1536w, https:\/\/scera.lu\/wp-content\/uploads\/Boys-CC-2048x1536.jpeg 2048w, https:\/\/scera.lu\/wp-content\/uploads\/Boys-CC-1x1.jpeg 1w\" sizes=\"auto, (max-width: 267px) 100vw, 267px\" \/><\/figure>\n\n\n\n<figure class=\"wp-block-image size-large\"><img loading=\"lazy\" decoding=\"async\" width=\"267\" height=\"200\" data-id=\"5704\" src=\"https:\/\/scera.lu\/wp-content\/uploads\/Girls-CC-scaled.jpeg\" alt=\"\" class=\"wp-image-5704\" srcset=\"https:\/\/scera.lu\/wp-content\/uploads\/Girls-CC-scaled.jpeg 267w, https:\/\/scera.lu\/wp-content\/uploads\/Girls-CC-768x576.jpeg 768w, https:\/\/scera.lu\/wp-content\/uploads\/Girls-CC-1536x1152.jpeg 1536w, https:\/\/scera.lu\/wp-content\/uploads\/Girls-CC-2048x1536.jpeg 2048w, https:\/\/scera.lu\/wp-content\/uploads\/Girls-CC-1x1.jpeg 1w\" sizes=\"auto, (max-width: 267px) 100vw, 267px\" \/><\/figure>\n<\/figure>\n\n\n\n<h3 class=\"has-vivid-cyan-blue-color has-text-color wp-block-heading\"><strong><u>30 Avril et 1ier Mai 2022: Diddelenger Schwammfest<\/u><\/strong><\/h3>\n\n\n<div class=\"wp-block-image\">\n<figure class=\"aligncenter\"><img loading=\"lazy\" decoding=\"async\" width=\"267\" height=\"200\" src=\"https:\/\/scera.lu\/wp-content\/uploads\/Team-DSF-2022-scaled.jpg\" alt=\"\" class=\"wp-image-5856\" srcset=\"https:\/\/scera.lu\/wp-content\/uploads\/Team-DSF-2022-scaled.jpg 267w, https:\/\/scera.lu\/wp-content\/uploads\/Team-DSF-2022-768x576.jpg 768w, https:\/\/scera.lu\/wp-content\/uploads\/Team-DSF-2022-1536x1152.jpg 1536w, https:\/\/scera.lu\/wp-content\/uploads\/Team-DSF-2022-2048x1536.jpg 2048w, https:\/\/scera.lu\/wp-content\/uploads\/Team-DSF-2022-1x1.jpg 1w\" sizes=\"auto, (max-width: 267px) 100vw, 267px\" \/><\/figure>\n<\/div>\n\n\n<h3 class=\"has-vivid-cyan-blue-color has-text-color wp-block-heading\"><strong><u>14 Mai 2022: Swim Trophy \u00e0 Esch\/Alzette<\/u><\/strong><\/h3>\n\n\n<div class=\"wp-block-image wp-image-5879\">\n<figure class=\"aligncenter\"><img loading=\"lazy\" decoding=\"async\" width=\"267\" height=\"200\" src=\"https:\/\/scera.lu\/wp-content\/uploads\/Boys-Swim-Trophy-2-scaled.jpg\" alt=\"\" class=\"wp-image-5879\" srcset=\"https:\/\/scera.lu\/wp-content\/uploads\/Boys-Swim-Trophy-2-scaled.jpg 267w, https:\/\/scera.lu\/wp-content\/uploads\/Boys-Swim-Trophy-2-768x576.jpg 768w, https:\/\/scera.lu\/wp-content\/uploads\/Boys-Swim-Trophy-2-1536x1152.jpg 1536w, https:\/\/scera.lu\/wp-content\/uploads\/Boys-Swim-Trophy-2-2048x1536.jpg 2048w, https:\/\/scera.lu\/wp-content\/uploads\/Boys-Swim-Trophy-2-1x1.jpg 1w\" sizes=\"auto, (max-width: 267px) 100vw, 267px\" \/><figcaption><strong><span style=\"color: #000000;\">(Malheuereusement il n&#8217;y a pas de photo d&#8217;\u00e9quipe des filles<\/span>)<\/strong><\/figcaption><\/figure>\n<\/div>\n\n\n<h3 class=\"has-vivid-cyan-blue-color has-text-color wp-block-heading\"><strong><u>12 Juin 2022: International Swim Cup \u00e0 P\u00e9tange<\/u><\/strong><\/h3>\n\n\n\n<h5 class=\"has-black-color has-text-color wp-block-heading\"><strong>Une tr\u00e8s bonne 4i\u00e8me place &#8211; sur 13 clubs &#8211; pour nos nageurs dans le classement g\u00e9n\u00e9ral. BRAVO!<\/strong><\/h5>\n\n\n<div class=\"wp-block-image\">\n<figure class=\"aligncenter\"><img loading=\"lazy\" decoding=\"async\" width=\"267\" height=\"200\" src=\"https:\/\/scera.lu\/wp-content\/uploads\/Team-ISC-scaled.jpg\" alt=\"\" class=\"wp-image-5914\" srcset=\"https:\/\/scera.lu\/wp-content\/uploads\/Team-ISC-scaled.jpg 267w, https:\/\/scera.lu\/wp-content\/uploads\/Team-ISC-768x576.jpg 768w, https:\/\/scera.lu\/wp-content\/uploads\/Team-ISC-1x1.jpg 1w\" sizes=\"auto, (max-width: 267px) 100vw, 267px\" \/><\/figure>\n<\/div>\n\n\n<h3 class=\"has-vivid-cyan-blue-color has-text-color wp-block-heading\"><strong><u>09 Juillet 2022:<\/u><\/strong><strong><u>&#x1f1f1;&#x1f1fa;<\/u><\/strong><strong><u>O<\/u><\/strong><strong><u>pen Luxembourg Nationals<\/u><\/strong><strong><u>&#x1f1f1;&#x1f1fa;<\/u><\/strong><\/h3>\n\n\n<div class=\"wp-block-image\">\n<figure class=\"aligncenter\"><img loading=\"lazy\" decoding=\"async\" width=\"267\" height=\"200\" src=\"https:\/\/scera.lu\/wp-content\/uploads\/OLN-2022-scaled.jpg\" alt=\"\" class=\"wp-image-5968\" srcset=\"https:\/\/scera.lu\/wp-content\/uploads\/OLN-2022-scaled.jpg 267w, https:\/\/scera.lu\/wp-content\/uploads\/OLN-2022-768x576.jpg 768w, https:\/\/scera.lu\/wp-content\/uploads\/OLN-2022-1536x1152.jpg 1536w, https:\/\/scera.lu\/wp-content\/uploads\/OLN-2022-2048x1536.jpg 2048w, https:\/\/scera.lu\/wp-content\/uploads\/OLN-2022-1x1.jpg 1w\" sizes=\"auto, (max-width: 267px) 100vw, 267px\" \/><\/figure>\n<\/div>","protected":false},"excerpt":{"rendered":"<p>04.+05 D\u00e9cembre 2021: CHAMPIONNATS NATIONAUX D \u0301HIVER 2021&#x1f1f1;&#x1f1fa;&#x1f1f1;&#x1f1fa;&#x1f1f1;&#x1f1fa; 12 D\u00e9cembre 2021: Swim Trophy \u00e0 Esch\/Alzette 17 D\u00e9cembre 2021: Christmas Cup &#8211; Simulation Vainqueurs Gar\u00e7ons &#8211; Filles&nbsp; &nbsp; &nbsp; &nbsp; &nbsp; &nbsp;&nbsp; 1i\u00e8re Place: BOHLER Tim &#8211; NONOA P\u00e9nielle2i\u00e8me Place: NONOA Francis &#8211; ROSE Juliette3i\u00e8me Place: WALAK Olivier &#8211; WALAK Lena 30 Avril et 1ier Mai [&hellip;]<\/p>\n","protected":false},"author":2,"featured_media":0,"parent":124,"menu_order":-5,"comment_status":"closed","ping_status":"closed","template":"","meta":{"footnotes":""},"class_list":["post-6023","page","type-page","status-publish","hentry"],"_links":{"self":[{"href":"https:\/\/scera.lu\/index.php?rest_route=\/wp\/v2\/pages\/6023","targetHints":{"allow":["GET"]}}],"collection":[{"href":"https:\/\/scera.lu\/index.php?rest_route=\/wp\/v2\/pages"}],"about":[{"href":"https:\/\/scera.lu\/index.php?rest_route=\/wp\/v2\/types\/page"}],"author":[{"embeddable":true,"href":"https:\/\/scera.lu\/index.php?rest_route=\/wp\/v2\/users\/2"}],"replies":[{"embeddable":true,"href":"https:\/\/scera.lu\/index.php?rest_route=%2Fwp%2Fv2%2Fcomments&post=6023"}],"version-history":[{"count":18,"href":"https:\/\/scera.lu\/index.php?rest_route=\/wp\/v2\/pages\/6023\/revisions"}],"predecessor-version":[{"id":6050,"href":"https:\/\/scera.lu\/index.php?rest_route=\/wp\/v2\/pages\/6023\/revisions\/6050"}],"up":[{"embeddable":true,"href":"https:\/\/scera.lu\/index.php?rest_route=\/wp\/v2\/pages\/124"}],"wp:attachment":[{"href":"https:\/\/scera.lu\/index.php?rest_route=%2Fwp%2Fv2%2Fmedia&parent=6023"}],"curies":[{"name":"wp","href":"https:\/\/api.w.org\/{rel}","templated":true}]}}