{"id":7250,"date":"2024-11-18T10:18:04","date_gmt":"2024-11-18T09:18:04","guid":{"rendered":"https:\/\/scera.lu\/?page_id=7250"},"modified":"2025-07-13T06:36:18","modified_gmt":"2025-07-13T05:36:18","slug":"saison-2023-2024-competitions","status":"publish","type":"page","link":"https:\/\/scera.lu\/?page_id=7250","title":{"rendered":"Saison 2023\/2024 &#8211; Comp\u00e9titions"},"content":{"rendered":"\n<p class=\"has-black-color has-text-color has-link-color wp-elements-a61f566fd40f227ca2bed3a606a23c5d\" style=\"font-size:15px\"><u><strong>14+15\/10\/23: Lux. Masters Open<\/strong><\/u><\/p>\n\n\n\n<h4 class=\"wp-block-heading has-black-color has-text-color has-link-color wp-elements-1e2acc104f9ea75bec45d4bce0a29ebd\" style=\"font-size:14px\"><strong>Premier grand test pour Tanja, Dominique, Nathalie, Laurent K. et Danielle &#8211; 5 de nos nageurs Masters &#8211; lors du championnat lux. dans le grand bassin. Avec le gain de directement 8 m\u00e9dailles et de tr\u00e8s bonnes r\u00e9sultats, le weekend \u00e9tait plus que r\u00e9ussi.<br>F\u00e9licitations \u00e0 vous 5! <\/strong><\/h4>\n\n\n<div class=\"wp-block-image\">\n<figure class=\"aligncenter\"><img loading=\"lazy\" decoding=\"async\" width=\"433\" height=\"200\" src=\"https:\/\/scera.lu\/wp-content\/uploads\/Lux-Masters-scaled.jpg\" alt=\"\" class=\"wp-image-6804\" srcset=\"https:\/\/scera.lu\/wp-content\/uploads\/\/Lux-Masters-scaled.jpg 433w, https:\/\/scera.lu\/wp-content\/uploads\/\/Lux-Masters-768x355.jpg 768w, https:\/\/scera.lu\/wp-content\/uploads\/\/Lux-Masters-2x1.jpg 2w\" sizes=\"auto, (max-width: 433px) 100vw, 433px\" \/><\/figure>\n<\/div>\n\n\n<h4 class=\"wp-block-heading has-black-color has-text-color has-link-color wp-elements-ca88882f0a7367b8755279311c96f1d6\" style=\"font-size:15px\"><strong><u>11+12\/11\/23: Challenge International Dudelange<\/u><\/strong><\/h4>\n\n\n\n<h4 class=\"wp-block-heading has-black-color has-text-color has-link-color wp-elements-d09bc73fe2768d69b0277989dd2cf31e\" style=\"font-size:14px\"><strong>Premier weekend de comp\u00e9tition pour certains nageurs des groupes Comp\u00e9titeurs et JC1<\/strong><\/h4>\n\n\n<div class=\"wp-block-image\">\n<figure class=\"aligncenter size-thumbnail is-resized\"><img loading=\"lazy\" decoding=\"async\" width=\"150\" height=\"150\" src=\"https:\/\/scera.lu\/wp-content\/uploads\/Team-Dudelange-1-150x150.jpg\" alt=\"\" class=\"wp-image-6846\" style=\"width:172px;height:auto\" srcset=\"https:\/\/scera.lu\/wp-content\/uploads\/\/Team-Dudelange-1-150x150.jpg 150w, https:\/\/scera.lu\/wp-content\/uploads\/\/Team-Dudelange-1-1x1.jpg 1w\" sizes=\"auto, (max-width: 150px) 100vw, 150px\" \/><\/figure>\n<\/div>\n\n\n<h4 class=\"wp-block-heading has-black-color has-text-color has-link-color wp-elements-2f1c7741e0673f81ce815aeb411ba55f\" style=\"font-size:15px\"><strong><u>19\/11\/23: Swim Trophy &#8211; 1\u00e8re \u00e9tape \u00e0 Esch\/Alzette<\/u><\/strong><\/h4>\n\n\n\n<p class=\"has-black-color has-text-color has-link-color wp-elements-181ca2f3df6bc4d919f2d554f508bc51\" style=\"font-size:14px\"><strong>Les filles ont montr\u00e9 de belles performances pendant le matin et ont ouvert notre compte des m\u00e9dailles. Elles terminent la comp\u00e9tition avec une 4\u00e8me place au relais 4&#215;50 NL.<\/strong><\/p>\n\n\n\n<h4 class=\"wp-block-heading has-black-color has-text-color has-link-color wp-elements-28c3f006499eab8d9cad6e244febebad\" style=\"font-size:14px\"><img loading=\"lazy\" decoding=\"async\" width=\"492\" height=\"424\" src=\"https:\/\/scera.lu\/wp-content\/uploads\/Filles-ST-scaled.jpg\" alt=\"\"><br><strong>L&#8217;apr\u00e8s-midi, c&#8217;\u00e9tait au tour des gar\u00e7ons qui ont continu\u00e9 \u00e0 gagner des m\u00e9dailles. Ils terminent la journ\u00e9e avec une excellente 1\u00e8re place au relais 4&#215;50 NL pendant lequel Olivier et Nathan brisent tous les deux pour une premi\u00e8re fois le mur des 30&#8243;.<\/strong><br><strong>A la fin, le SC ERA termine la journ\u00e9e avec un total de 41 m\u00e9dailles et le gain du relais.<\/strong><br><strong><br>Bravo \u00e0 tous nos nageurs qui ont particip\u00e9, sp\u00e9cialement \u00e0 ceux qui ont disput\u00e9 leur premi\u00e8re comp\u00e9tition pour notre club et aussi aux 4 nageurs de notre groupe Masters qui ont particip\u00e9 au Swim Trophy.<br>Un \u00e9norme merci aux gar\u00e7ons qui sont venus le matin pour supporter les filles et aux filles qui sont rest\u00e9es jusqu&#8217;\u00e0 la fin pour supporter donc aussi les gar\u00e7ons.&nbsp;<br>Un grand merci aussi aux parents pr\u00e9sents pour leur support, surtout lors du relais!<\/strong><\/h4>\n\n\n\n<h6 class=\"wp-block-heading\"><img loading=\"lazy\" decoding=\"async\" width=\"450\" height=\"337\" src=\"https:\/\/scera.lu\/wp-content\/uploads\/Relais-ST-scaled.jpg\" alt=\"\"><\/h6>\n\n\n\n<h4 class=\"wp-block-heading has-black-color has-text-color has-link-color wp-elements-b814ef66c8a99b7c0664af8a608a9b34\" style=\"font-size:15px\"><strong><u>16+17\/12\/23: Lux Christmas Cup &#8211; Campus; grand bassin<\/u><\/strong><\/h4>\n\n\n<div class=\"wp-block-image\">\n<figure class=\"aligncenter\"><img loading=\"lazy\" decoding=\"async\" width=\"267\" height=\"200\" src=\"https:\/\/scera.lu\/wp-content\/uploads\/Christmas-Cup-scaled.jpg\" alt=\"\" class=\"wp-image-6869\" srcset=\"https:\/\/scera.lu\/wp-content\/uploads\/\/Christmas-Cup-scaled.jpg 267w, https:\/\/scera.lu\/wp-content\/uploads\/\/Christmas-Cup-768x576.jpg 768w, https:\/\/scera.lu\/wp-content\/uploads\/\/Christmas-Cup-1536x1152.jpg 1536w, https:\/\/scera.lu\/wp-content\/uploads\/\/Christmas-Cup-1x1.jpg 1w\" sizes=\"auto, (max-width: 267px) 100vw, 267px\" \/><\/figure>\n<\/div>\n\n\n<h4 class=\"wp-block-heading has-black-color has-text-color has-link-color wp-elements-8708fa027604e97227188c93fef07716\" style=\"font-size:14px\"><strong>Dernier rdv sportif de l&#8217;ann\u00e9e 2023 pour les groupes JC, Comp\u00e9titeurs et Masters<\/strong><\/h4>\n\n\n\n<h3 class=\"wp-block-heading has-black-color has-text-color has-link-color wp-elements-832935595d530757e0e83aeb102bceeb\" style=\"font-size:14px\"><strong><u>14\/01\/24: Journ\u00e9e de l&#8217;Amiti\u00e9 \u00e0 P\u00e9tange<\/u><\/strong><\/h3>\n\n\n\n<p class=\"has-black-color has-text-color has-link-color wp-elements-cf6b60bee6ac866985d7847a82087ac7\" style=\"font-size:14px\"><strong>Premier rdv de l&#8217;ann\u00e9e 2024 avec une 3\u00e8me place au CG pour nos nageurs!<\/strong><br><strong>Bronze aussi pour le relais 4&#215;50 4Nages Gar\u00e7ons (Damian, Olivier, Francis, Eduardo) et le relais 4&#215;50 4Nages Filles (Juliette, Sara, Andrea, Penielle).<\/strong><\/p>\n\n\n\n<h6 class=\"wp-block-heading\"><img loading=\"lazy\" decoding=\"async\" width=\"376\" height=\"282\" src=\"https:\/\/scera.lu\/wp-content\/uploads\/Team-Petange-scaled.jpg\" alt=\"\"><\/h6>\n\n\n\n<h4 class=\"wp-block-heading has-black-color has-text-color has-link-color wp-elements-70000d4ee512bbd54339abe2daf6e183\" style=\"font-size:14px\"><strong><u>04\/02\/24: Swim Trophy &#8211; 2\u00e8me \u00e9tape \u00e0 Bonnevoie<\/u><\/strong><\/h4>\n\n\n\n<h4 class=\"wp-block-heading\"><img loading=\"lazy\" decoding=\"async\" width=\"505\" height=\"378\" src=\"https:\/\/scera.lu\/wp-content\/uploads\/ST2-2-scaled.jpg\" alt=\"\"><\/h4>\n\n\n\n<p class=\"has-black-color has-text-color has-link-color wp-elements-6f31c65111537257f07b732a5e07004d\" style=\"font-size:14px\"><strong><u>World Aquatics Masters Championships 2024<\/u><\/strong><br><strong>Du 23 f\u00e9vrier au 03 mars se d\u00e9roulaient les championnats du monde des Masters \u00e0 Doha (Qatar). Le Swimming Club ERA \u00e9tait repr\u00e9sent\u00e9 par les deux nageuses KOCH Tanja et LEGRAND Nathalie.<\/strong><\/p>\n\n\n\n<figure class=\"wp-block-gallery has-nested-images columns-2 is-cropped wp-block-gallery-1 is-layout-flex wp-block-gallery-is-layout-flex\">\n<figure class=\"wp-block-image size-large\"><img loading=\"lazy\" decoding=\"async\" width=\"150\" height=\"200\" data-id=\"6977\" src=\"https:\/\/scera.lu\/wp-content\/uploads\/Doha-1-scaled.jpg\" alt=\"\" class=\"wp-image-6977\" srcset=\"https:\/\/scera.lu\/wp-content\/uploads\/\/Doha-1-scaled.jpg 150w, https:\/\/scera.lu\/wp-content\/uploads\/\/Doha-1-768x1024.jpg 768w, https:\/\/scera.lu\/wp-content\/uploads\/\/Doha-1-1152x1536.jpg 1152w, https:\/\/scera.lu\/wp-content\/uploads\/\/Doha-1-1x1.jpg 1w\" sizes=\"auto, (max-width: 150px) 100vw, 150px\" \/><\/figure>\n\n\n\n<figure class=\"wp-block-image size-large\"><img loading=\"lazy\" decoding=\"async\" width=\"150\" height=\"200\" data-id=\"6980\" src=\"https:\/\/scera.lu\/wp-content\/uploads\/Doha-4-scaled.jpg\" alt=\"\" class=\"wp-image-6980\" srcset=\"https:\/\/scera.lu\/wp-content\/uploads\/\/Doha-4-scaled.jpg 150w, https:\/\/scera.lu\/wp-content\/uploads\/\/Doha-4-768x1024.jpg 768w, https:\/\/scera.lu\/wp-content\/uploads\/\/Doha-4-1152x1536.jpg 1152w, https:\/\/scera.lu\/wp-content\/uploads\/\/Doha-4-1x1.jpg 1w\" sizes=\"auto, (max-width: 150px) 100vw, 150px\" \/><\/figure>\n\n\n\n<figure class=\"wp-block-image size-large\"><img loading=\"lazy\" decoding=\"async\" width=\"267\" height=\"200\" data-id=\"6978\" src=\"https:\/\/scera.lu\/wp-content\/uploads\/Doha-2-scaled.jpg\" alt=\"\" class=\"wp-image-6978\" srcset=\"https:\/\/scera.lu\/wp-content\/uploads\/\/Doha-2-scaled.jpg 267w, https:\/\/scera.lu\/wp-content\/uploads\/\/Doha-2-768x576.jpg 768w, https:\/\/scera.lu\/wp-content\/uploads\/\/Doha-2-1536x1152.jpg 1536w, https:\/\/scera.lu\/wp-content\/uploads\/\/Doha-2-1x1.jpg 1w\" sizes=\"auto, (max-width: 267px) 100vw, 267px\" \/><\/figure>\n\n\n\n<figure class=\"wp-block-image size-large\"><img loading=\"lazy\" decoding=\"async\" width=\"267\" height=\"200\" data-id=\"6979\" src=\"https:\/\/scera.lu\/wp-content\/uploads\/Doha-3-scaled.jpg\" alt=\"\" class=\"wp-image-6979\" srcset=\"https:\/\/scera.lu\/wp-content\/uploads\/\/Doha-3-scaled.jpg 267w, https:\/\/scera.lu\/wp-content\/uploads\/\/Doha-3-768x576.jpg 768w, https:\/\/scera.lu\/wp-content\/uploads\/\/Doha-3-1536x1152.jpg 1536w, https:\/\/scera.lu\/wp-content\/uploads\/\/Doha-3-1x1.jpg 1w\" sizes=\"auto, (max-width: 267px) 100vw, 267px\" \/><\/figure>\n<\/figure>\n\n\n\n<h4 class=\"wp-block-heading has-black-color has-text-color has-link-color wp-elements-8705d3607d94fa08f2f818f05e40383e\" style=\"font-size:14px\"><strong>A noter qu&#8217;une 3\u00e8me nageuse (SAILER Danielle) s&#8217;\u00e9tait aussi qualifi\u00e9e pour les championnats mais a d\u00fb d\u00e9clarer forfait suite \u00e0 une blessure.<\/strong><\/h4>\n\n\n\n<p class=\"has-black-color has-text-color has-link-color wp-elements-0a7912ad76d119620b77ca269110e2a3\" style=\"font-size:14px\"><strong><u>16\/03\/24: 48. Internationales Masters &#8211; Schwimmfest H\u00fcrth<\/u><\/strong><\/p>\n\n\n<div class=\"wp-block-image\">\n<figure class=\"aligncenter\"><img loading=\"lazy\" decoding=\"async\" width=\"267\" height=\"200\" src=\"https:\/\/scera.lu\/wp-content\/uploads\/Huerth-scaled.jpg\" alt=\"\" class=\"wp-image-6986\" srcset=\"https:\/\/scera.lu\/wp-content\/uploads\/\/Huerth-scaled.jpg 267w, https:\/\/scera.lu\/wp-content\/uploads\/\/Huerth-768x576.jpg 768w, https:\/\/scera.lu\/wp-content\/uploads\/\/Huerth-1536x1152.jpg 1536w, https:\/\/scera.lu\/wp-content\/uploads\/\/Huerth-1x1.jpg 1w\" sizes=\"auto, (max-width: 267px) 100vw, 267px\" \/><\/figure>\n<\/div>\n\n\n<h4 class=\"wp-block-heading has-black-color has-text-color has-link-color wp-elements-5940ebf16e136d775d97c79ed797c77e\" style=\"font-size:14px\"><strong><u>20.+21.\/04\/24: CIVE \u00e0 Ettelbruck<\/u><\/strong><\/h4>\n\n\n\n<h4 class=\"wp-block-heading has-black-color has-text-color has-link-color wp-elements-e6021fc34455c3b2b22311b59858d330\" style=\"font-size:14px\"><img loading=\"lazy\" decoding=\"async\" width=\"324\" height=\"243\" src=\"https:\/\/scera.lu\/wp-content\/uploads\/CIVE2024-scaled.jpg\" alt=\"\"><br><strong><u>04.+05.\/05\/24: Challenge Dudelange &#8211; grand bassin<\/u><\/strong><\/h4>\n\n\n\n<h4 class=\"wp-block-heading has-black-color has-text-color has-link-color wp-elements-fb9d45539899f88edffcc4c0d6a4cdda\" style=\"font-size:14px\"><strong>Avec un total de 20 qualifications pour une finale (sur un total de 28 d\u00e9parts individuels), les nageurs ont montr\u00e9 leurs progr\u00e8s de la saison lors de ce long week-end.<\/strong><br><strong>Olivier et Francis, avec 6 qualifications chacun sur 6 d\u00e9parts individuels, et Louise, avec 4 sur 5, ont \u00e9t\u00e9 les leaders du SC ERA<\/strong><br><img loading=\"lazy\" decoding=\"async\" width=\"396\" height=\"297\" src=\"https:\/\/scera.lu\/wp-content\/uploads\/DSF2024-scaled.jpg\" alt=\"\"><\/h4>\n\n\n\n<h4 class=\"wp-block-heading has-black-color has-text-color has-link-color wp-elements-a3767fed190d70fa251097346d844941\" style=\"font-size:14px\"><strong><u>12\/05\/24: Challenge Differdange<\/u><\/strong><\/h4>\n\n\n\n<p class=\"has-black-color has-text-color has-link-color wp-elements-c78cc28f46103ec2cb96d72e0c8d4a20\" style=\"font-size:14px\"><img loading=\"lazy\" decoding=\"async\" width=\"438\" height=\"328\" src=\"https:\/\/scera.lu\/wp-content\/uploads\/Differdange-scaled.jpg\" alt=\"\"><br><strong><u>09\/06\/24: Swim Trophy &#8211; 3\u00e8me \u00e9tape \u00e0 Bonnevoie<\/u><\/strong><\/p>\n\n\n\n<figure class=\"wp-block-gallery has-nested-images columns-3 is-cropped wp-block-gallery-2 is-layout-flex wp-block-gallery-is-layout-flex\">\n<figure class=\"wp-block-image size-large\"><img loading=\"lazy\" decoding=\"async\" width=\"150\" height=\"200\" data-id=\"7051\" src=\"https:\/\/scera.lu\/wp-content\/uploads\/ST3.1-scaled.jpg\" alt=\"\" class=\"wp-image-7051\" srcset=\"https:\/\/scera.lu\/wp-content\/uploads\/ST3.1-scaled.jpg 150w, https:\/\/scera.lu\/wp-content\/uploads\/ST3.1-768x1024.jpg 768w, https:\/\/scera.lu\/wp-content\/uploads\/ST3.1-1152x1536.jpg 1152w, https:\/\/scera.lu\/wp-content\/uploads\/ST3.1-1x1.jpg 1w\" sizes=\"auto, (max-width: 150px) 100vw, 150px\" \/><\/figure>\n\n\n\n<figure class=\"wp-block-image size-large\"><img loading=\"lazy\" decoding=\"async\" width=\"150\" height=\"200\" data-id=\"7052\" src=\"https:\/\/scera.lu\/wp-content\/uploads\/ST3.2-scaled.jpg\" alt=\"\" class=\"wp-image-7052\" srcset=\"https:\/\/scera.lu\/wp-content\/uploads\/ST3.2-scaled.jpg 150w, https:\/\/scera.lu\/wp-content\/uploads\/ST3.2-768x1024.jpg 768w, https:\/\/scera.lu\/wp-content\/uploads\/ST3.2-1152x1536.jpg 1152w, https:\/\/scera.lu\/wp-content\/uploads\/ST3.2-1x1.jpg 1w\" sizes=\"auto, (max-width: 150px) 100vw, 150px\" \/><\/figure>\n\n\n\n<figure class=\"wp-block-image size-large\"><img loading=\"lazy\" decoding=\"async\" width=\"150\" height=\"200\" data-id=\"7053\" src=\"https:\/\/scera.lu\/wp-content\/uploads\/ST3-scaled.jpg\" alt=\"\" class=\"wp-image-7053\" srcset=\"https:\/\/scera.lu\/wp-content\/uploads\/ST3-scaled.jpg 150w, https:\/\/scera.lu\/wp-content\/uploads\/ST3-768x1024.jpg 768w, https:\/\/scera.lu\/wp-content\/uploads\/ST3-1152x1536.jpg 1152w, https:\/\/scera.lu\/wp-content\/uploads\/ST3-1x1.jpg 1w\" sizes=\"auto, (max-width: 150px) 100vw, 150px\" \/><\/figure>\n<\/figure>\n\n\n\n<p><\/p>\n","protected":false},"excerpt":{"rendered":"<p>14+15\/10\/23: Lux. Masters Open Premier grand test pour Tanja, Dominique, Nathalie, Laurent K. et Danielle &#8211; 5 de nos nageurs Masters &#8211; lors du championnat lux. dans le grand bassin. Avec le gain de directement 8 m\u00e9dailles et de tr\u00e8s bonnes r\u00e9sultats, le weekend \u00e9tait plus que r\u00e9ussi.F\u00e9licitations \u00e0 vous 5! 11+12\/11\/23: Challenge International Dudelange [&hellip;]<\/p>\n","protected":false},"author":2,"featured_media":0,"parent":124,"menu_order":-9,"comment_status":"closed","ping_status":"closed","template":"","meta":{"footnotes":""},"class_list":["post-7250","page","type-page","status-publish","hentry"],"_links":{"self":[{"href":"https:\/\/scera.lu\/index.php?rest_route=\/wp\/v2\/pages\/7250","targetHints":{"allow":["GET"]}}],"collection":[{"href":"https:\/\/scera.lu\/index.php?rest_route=\/wp\/v2\/pages"}],"about":[{"href":"https:\/\/scera.lu\/index.php?rest_route=\/wp\/v2\/types\/page"}],"author":[{"embeddable":true,"href":"https:\/\/scera.lu\/index.php?rest_route=\/wp\/v2\/users\/2"}],"replies":[{"embeddable":true,"href":"https:\/\/scera.lu\/index.php?rest_route=%2Fwp%2Fv2%2Fcomments&post=7250"}],"version-history":[{"count":17,"href":"https:\/\/scera.lu\/index.php?rest_route=\/wp\/v2\/pages\/7250\/revisions"}],"predecessor-version":[{"id":7764,"href":"https:\/\/scera.lu\/index.php?rest_route=\/wp\/v2\/pages\/7250\/revisions\/7764"}],"up":[{"embeddable":true,"href":"https:\/\/scera.lu\/index.php?rest_route=\/wp\/v2\/pages\/124"}],"wp:attachment":[{"href":"https:\/\/scera.lu\/index.php?rest_route=%2Fwp%2Fv2%2Fmedia&parent=7250"}],"curies":[{"name":"wp","href":"https:\/\/api.w.org\/{rel}","templated":true}]}}