{"id":7645,"date":"2025-07-03T08:23:11","date_gmt":"2025-07-03T07:23:11","guid":{"rendered":"https:\/\/scera.lu\/?page_id=7645"},"modified":"2025-11-05T01:33:49","modified_gmt":"2025-11-05T00:33:49","slug":"saison-2024-2025-competitions","status":"publish","type":"page","link":"https:\/\/scera.lu\/?page_id=7645","title":{"rendered":"Saison 2024\/2025 &#8211; Comp\u00e9titions"},"content":{"rendered":"\n<h4 class=\"wp-block-heading has-black-color has-text-color has-link-color has-medium-font-size wp-elements-5111ab692af676920138087ef27344f6\"><strong><u>LUX MASTERS OPEN 12.+13.\/10\/2024<\/u><\/strong><\/h4>\n\n\n\n<h4 class=\"wp-block-heading has-black-color has-text-color has-link-color has-medium-font-size wp-elements-6099f3022084897bfa31c174fa1642f8\"><img loading=\"lazy\" decoding=\"async\" width=\"571\" height=\"263\" src=\"https:\/\/scera.lu\/wp-content\/uploads\/LuxMasters2024-scaled.jpg\" alt=\"\"><br><br><strong><u>CHALLENGE INTERNATIONAL DUDELANGE 17\/11\/2024<\/u><\/strong><\/h4>\n\n\n<div class=\"wp-block-image\">\n<figure class=\"aligncenter\"><img loading=\"lazy\" decoding=\"async\" width=\"267\" height=\"200\" src=\"https:\/\/scera.lu\/wp-content\/uploads\/Dudelange24-1-scaled.jpg\" alt=\"\" class=\"wp-image-7224\" srcset=\"https:\/\/scera.lu\/wp-content\/uploads\/Dudelange24-1-scaled.jpg 267w, https:\/\/scera.lu\/wp-content\/uploads\/Dudelange24-1-768x576.jpg 768w, https:\/\/scera.lu\/wp-content\/uploads\/Dudelange24-1-1536x1152.jpg 1536w, https:\/\/scera.lu\/wp-content\/uploads\/Dudelange24-1-1x1.jpg 1w\" sizes=\"auto, (max-width: 267px) 100vw, 267px\" \/><\/figure>\n<\/div>\n\n\n<p class=\"has-black-color has-text-color has-link-color has-medium-font-size wp-elements-a4d8da0d632ddd6b18ccac03aec16d01\"><br><strong><u>LUX. CHRISTMAS CUP 14.+15.\/12\/2024 &#8211; Grand Bassin<\/u><\/strong><\/p>\n\n\n\n<h6 class=\"wp-block-heading\"><img loading=\"lazy\" decoding=\"async\" width=\"461\" height=\"345\" src=\"https:\/\/scera.lu\/wp-content\/uploads\/Christmas-Cup-24-scaled.jpg\" alt=\"\"> <\/h6>\n\n\n\n<h3 class=\"wp-block-heading has-black-color has-text-color has-link-color has-medium-font-size wp-elements-b1a06589d3220c79addef67c0779f154\"><strong><u>Swim Trophy &#8211; 1\u00e8re \u00e9tape \u00e0 Esch\/Alzette 08\/12\/2024<\/u><\/strong><\/h3>\n\n\n\n<h6 class=\"wp-block-heading\"><img loading=\"lazy\" decoding=\"async\" width=\"271\" height=\"361\" src=\"https:\/\/scera.lu\/wp-content\/uploads\/ST-2024-2-scaled.jpg\" alt=\"\"><\/h6>\n\n\n\n<h3 class=\"wp-block-heading has-black-color has-text-color has-link-color has-medium-font-size wp-elements-4e6f86a184e25170f9f26704f8bd393d\"><strong><u>Journ\u00e9e de l&#8217;Amiti\u00e9 \u00e0 P\u00e9tange 12\/01\/2025<\/u><\/strong><\/h3>\n\n\n\n<figure class=\"wp-block-image\"><img loading=\"lazy\" decoding=\"async\" width=\"267\" height=\"200\" src=\"https:\/\/scera.lu\/wp-content\/uploads\/JA2025-scaled.jpg\" alt=\"\" class=\"wp-image-7310\" srcset=\"https:\/\/scera.lu\/wp-content\/uploads\/JA2025-scaled.jpg 267w, https:\/\/scera.lu\/wp-content\/uploads\/JA2025-768x576.jpg 768w, https:\/\/scera.lu\/wp-content\/uploads\/JA2025-1536x1152.jpg 1536w, https:\/\/scera.lu\/wp-content\/uploads\/JA2025-1x1.jpg 1w\" sizes=\"auto, (max-width: 267px) 100vw, 267px\" \/><\/figure>\n\n\n\n<h3 class=\"wp-block-heading has-black-color has-text-color has-link-color wp-elements-aac98b2e05ab47324ec29f46e3ddb029\"><br><strong><u>Swim Trophy &#8211; 2\u00e8me \u00e9tape 09\/02\/2025<\/u><br><\/strong><img loading=\"lazy\" decoding=\"async\" width=\"315\" height=\"420\" src=\"https:\/\/scera.lu\/wp-content\/uploads\/SwimTrophy2-scaled.jpg\" alt=\"\"><\/h3>\n\n\n\n<h3 class=\"wp-block-heading has-black-color has-text-color has-link-color wp-elements-4a98a325508d32e3410d1823284e5986\"><strong><u>Meeting Sprint Acoris 21\/04\/2025 Pont-\u00e0-Mousson<\/u><\/strong><\/h3>\n\n\n<div class=\"wp-block-image\">\n<figure class=\"aligncenter\"><img loading=\"lazy\" decoding=\"async\" width=\"344\" height=\"200\" src=\"https:\/\/scera.lu\/wp-content\/uploads\/Team-ACORIS-scaled.jpg\" alt=\"\" class=\"wp-image-7547\" srcset=\"https:\/\/scera.lu\/wp-content\/uploads\/Team-ACORIS-scaled.jpg 344w, https:\/\/scera.lu\/wp-content\/uploads\/Team-ACORIS-768x447.jpg 768w, https:\/\/scera.lu\/wp-content\/uploads\/Team-ACORIS-1536x894.jpg 1536w, https:\/\/scera.lu\/wp-content\/uploads\/Team-ACORIS-2x1.jpg 2w\" sizes=\"auto, (max-width: 344px) 100vw, 344px\" \/><\/figure>\n<\/div>\n\n\n<h3 class=\"wp-block-heading has-black-color has-text-color has-link-color wp-elements-16c5d956422cdb6105d9f6d5e76045a8\"><strong><u>Diddelenger Schwammfest 03.+04.05\/2025<\/u><\/strong><\/h3>\n\n\n\n<figure class=\"wp-block-image size-full\"><img loading=\"lazy\" decoding=\"async\" width=\"150\" height=\"200\" src=\"https:\/\/scera.lu\/wp-content\/uploads\/DSF2025-scaled.jpeg\" alt=\"\" class=\"wp-image-7591\" srcset=\"https:\/\/scera.lu\/wp-content\/uploads\/DSF2025-scaled.jpeg 150w, https:\/\/scera.lu\/wp-content\/uploads\/DSF2025-768x1024.jpeg 768w, https:\/\/scera.lu\/wp-content\/uploads\/DSF2025-1152x1536.jpeg 1152w, https:\/\/scera.lu\/wp-content\/uploads\/DSF2025-1x1.jpeg 1w\" sizes=\"auto, (max-width: 150px) 100vw, 150px\" \/><\/figure>\n\n\n\n<h3 class=\"wp-block-heading has-black-color has-text-color has-link-color wp-elements-114790f4f064c4d9e73a498c14c4b897\"><strong><u>Comp\u00e9tition du Centenaire &#8211; 100 JOER SC ERA 08.06.2025<\/u><\/strong><\/h3>\n\n\n\n<figure class=\"wp-block-image\"><img loading=\"lazy\" decoding=\"async\" width=\"267\" height=\"200\" src=\"https:\/\/scera.lu\/wp-content\/uploads\/100JoerERA-scaled.jpg\" alt=\"\" class=\"wp-image-7612\" srcset=\"https:\/\/scera.lu\/wp-content\/uploads\/100JoerERA-scaled.jpg 267w, https:\/\/scera.lu\/wp-content\/uploads\/100JoerERA-768x576.jpg 768w, https:\/\/scera.lu\/wp-content\/uploads\/100JoerERA-1536x1152.jpg 1536w, https:\/\/scera.lu\/wp-content\/uploads\/100JoerERA-1x1.jpg 1w\" sizes=\"auto, (max-width: 267px) 100vw, 267px\" \/><\/figure>\n\n\n\n<h3 class=\"wp-block-heading has-black-color has-text-color has-link-color wp-elements-dc3b06a89bdfa4e8c9734b2bbcbf5ae6\"><strong><u>International Swim Cup P\u00e9tange 15.06.2025<\/u><\/strong><\/h3>\n\n\n\n<p><img loading=\"lazy\" decoding=\"async\" width=\"479\" height=\"359\" src=\"https:\/\/scera.lu\/wp-content\/uploads\/ISC2025-scaled.jpg\" alt=\"\"><\/p>\n\n\n\n<h3 class=\"wp-block-heading has-black-color has-text-color has-link-color wp-elements-2dd84c97070c120ab5181ba5cceb1743\"><strong><u>Open Luxembourg Nationals 12.+13.07.2025<\/u><\/strong><\/h3>\n\n\n\n<figure class=\"wp-block-gallery has-nested-images columns-3 is-cropped wp-block-gallery-1 is-layout-flex wp-block-gallery-is-layout-flex\">\n<figure class=\"wp-block-image size-large\"><img loading=\"lazy\" decoding=\"async\" width=\"267\" height=\"200\" data-id=\"7773\" src=\"https:\/\/scera.lu\/wp-content\/uploads\/OLN-25-1-scaled.jpg\" alt=\"\" class=\"wp-image-7773\" srcset=\"https:\/\/scera.lu\/wp-content\/uploads\/OLN-25-1-scaled.jpg 267w, https:\/\/scera.lu\/wp-content\/uploads\/OLN-25-1-768x576.jpg 768w, https:\/\/scera.lu\/wp-content\/uploads\/OLN-25-1-1x1.jpg 1w\" sizes=\"auto, (max-width: 267px) 100vw, 267px\" \/><\/figure>\n\n\n\n<figure class=\"wp-block-image size-large\"><img loading=\"lazy\" decoding=\"async\" width=\"150\" height=\"200\" data-id=\"7774\" src=\"https:\/\/scera.lu\/wp-content\/uploads\/OLN-25-2-scaled.jpg\" alt=\"\" class=\"wp-image-7774\" srcset=\"https:\/\/scera.lu\/wp-content\/uploads\/OLN-25-2-scaled.jpg 150w, https:\/\/scera.lu\/wp-content\/uploads\/OLN-25-2-1x1.jpg 1w\" sizes=\"auto, (max-width: 150px) 100vw, 150px\" \/><\/figure>\n\n\n\n<figure class=\"wp-block-image size-large\"><img loading=\"lazy\" decoding=\"async\" width=\"150\" height=\"200\" data-id=\"7775\" src=\"https:\/\/scera.lu\/wp-content\/uploads\/OLN-25-scaled.jpg\" alt=\"\" class=\"wp-image-7775\" srcset=\"https:\/\/scera.lu\/wp-content\/uploads\/OLN-25-scaled.jpg 150w, https:\/\/scera.lu\/wp-content\/uploads\/OLN-25-1x1.jpg 1w\" sizes=\"auto, (max-width: 150px) 100vw, 150px\" \/><\/figure>\n<\/figure>\n\n\n\n<h3 class=\"wp-block-heading has-black-color has-text-color has-link-color wp-elements-dbdb071637a0589c0588cf01058a0166\"><\/h3>\n","protected":false},"excerpt":{"rendered":"<p>LUX MASTERS OPEN 12.+13.\/10\/2024 CHALLENGE INTERNATIONAL DUDELANGE 17\/11\/2024 LUX. CHRISTMAS CUP 14.+15.\/12\/2024 &#8211; Grand Bassin Swim Trophy &#8211; 1\u00e8re \u00e9tape \u00e0 Esch\/Alzette 08\/12\/2024 Journ\u00e9e de l&#8217;Amiti\u00e9 \u00e0 P\u00e9tange 12\/01\/2025 Swim Trophy &#8211; 2\u00e8me \u00e9tape 09\/02\/2025 Meeting Sprint Acoris 21\/04\/2025 Pont-\u00e0-Mousson Diddelenger Schwammfest 03.+04.05\/2025 Comp\u00e9tition du Centenaire &#8211; 100 JOER SC ERA 08.06.2025 International Swim Cup [&hellip;]<\/p>\n","protected":false},"author":2,"featured_media":0,"parent":124,"menu_order":-10,"comment_status":"closed","ping_status":"closed","template":"","meta":{"footnotes":""},"class_list":["post-7645","page","type-page","status-publish","hentry"],"_links":{"self":[{"href":"https:\/\/scera.lu\/index.php?rest_route=\/wp\/v2\/pages\/7645","targetHints":{"allow":["GET"]}}],"collection":[{"href":"https:\/\/scera.lu\/index.php?rest_route=\/wp\/v2\/pages"}],"about":[{"href":"https:\/\/scera.lu\/index.php?rest_route=\/wp\/v2\/types\/page"}],"author":[{"embeddable":true,"href":"https:\/\/scera.lu\/index.php?rest_route=\/wp\/v2\/users\/2"}],"replies":[{"embeddable":true,"href":"https:\/\/scera.lu\/index.php?rest_route=%2Fwp%2Fv2%2Fcomments&post=7645"}],"version-history":[{"count":22,"href":"https:\/\/scera.lu\/index.php?rest_route=\/wp\/v2\/pages\/7645\/revisions"}],"predecessor-version":[{"id":7902,"href":"https:\/\/scera.lu\/index.php?rest_route=\/wp\/v2\/pages\/7645\/revisions\/7902"}],"up":[{"embeddable":true,"href":"https:\/\/scera.lu\/index.php?rest_route=\/wp\/v2\/pages\/124"}],"wp:attachment":[{"href":"https:\/\/scera.lu\/index.php?rest_route=%2Fwp%2Fv2%2Fmedia&parent=7645"}],"curies":[{"name":"wp","href":"https:\/\/api.w.org\/{rel}","templated":true}]}}