{"id":7868,"date":"2025-11-05T01:03:03","date_gmt":"2025-11-05T00:03:03","guid":{"rendered":"https:\/\/scera.lu\/?page_id=7868"},"modified":"2025-11-05T01:03:04","modified_gmt":"2025-11-05T00:03:04","slug":"evenement-100-ans-sc-era","status":"publish","type":"page","link":"https:\/\/scera.lu\/?page_id=7868","title":{"rendered":"\u00c9V\u00c9NEMENT 100 ANS SC ERA"},"content":{"rendered":"<\/strong><\/span><\/h4>\n<figure class=\"wp-block-image size-full\"><!-- \/wp:post-content --><!-- wp:post-content --><h3 class=\"wp-block-heading has-vivid-green-cyan-color has-text-color\"><span style=\"color: #00ccff;\"><strong><span style=\"caret-color: #00ccff;\"><u>COMEDY SHOW 08\/02\/2025\n<\/u><\/span><\/strong><\/span><\/h3>\n<img loading=\"lazy\" decoding=\"async\" class=\"aligncenter  wp-image-7320\" src=\"https:\/\/scera.lu\/wp-content\/uploads\/Comedy-Show-scaled.jpg\" alt=\"\" width=\"378\" height=\"540\" srcset=\"https:\/\/scera.lu\/wp-content\/uploads\/Comedy-Show-scaled.jpg 140w, https:\/\/scera.lu\/wp-content\/uploads\/Comedy-Show-768x1100.jpg 768w, https:\/\/scera.lu\/wp-content\/uploads\/Comedy-Show-1x1.jpg 1w\" sizes=\"auto, (max-width: 378px) 100vw, 378px\" \/>\n\n\n\t\t<style type=\"text\/css\">\n\t\t\t#gallery-1 {\n\t\t\t\tmargin: auto;\n\t\t\t}\n\t\t\t#gallery-1 .gallery-item {\n\t\t\t\tfloat: left;\n\t\t\t\tmargin-top: 10px;\n\t\t\t\ttext-align: center;\n\t\t\t\twidth: 50%;\n\t\t\t}\n\t\t\t#gallery-1 img {\n\t\t\t\tborder: 2px solid #cfcfcf;\n\t\t\t}\n\t\t\t#gallery-1 .gallery-caption {\n\t\t\t\tmargin-left: 0;\n\t\t\t}\n\t\t\t\/* see gallery_shortcode() in wp-includes\/media.php *\/\n\t\t<\/style>\n\t\t<div id='gallery-1' class='gallery galleryid-7868 gallery-columns-2 gallery-size-full'><dl class='gallery-item'>\n\t\t\t<dt class='gallery-icon landscape'>\n\t\t\t\t<img loading=\"lazy\" decoding=\"async\" width=\"309\" height=\"200\" src=\"https:\/\/scera.lu\/wp-content\/uploads\/Comedy-scaled.jpg\" class=\"attachment-full size-full\" alt=\"\" srcset=\"https:\/\/scera.lu\/wp-content\/uploads\/Comedy-scaled.jpg 309w, https:\/\/scera.lu\/wp-content\/uploads\/Comedy-768x497.jpg 768w, https:\/\/scera.lu\/wp-content\/uploads\/Comedy-2x1.jpg 2w\" sizes=\"auto, (max-width: 309px) 100vw, 309px\" \/>\n\t\t\t<\/dt><\/dl><dl class='gallery-item'>\n\t\t\t<dt class='gallery-icon portrait'>\n\t\t\t\t<img loading=\"lazy\" decoding=\"async\" width=\"150\" height=\"200\" src=\"https:\/\/scera.lu\/wp-content\/uploads\/ComedyA-scaled.jpg\" class=\"attachment-full size-full\" alt=\"\" srcset=\"https:\/\/scera.lu\/wp-content\/uploads\/ComedyA-scaled.jpg 150w, https:\/\/scera.lu\/wp-content\/uploads\/ComedyA-768x1024.jpg 768w, https:\/\/scera.lu\/wp-content\/uploads\/ComedyA-1152x1536.jpg 1152w, https:\/\/scera.lu\/wp-content\/uploads\/ComedyA-1x1.jpg 1w\" sizes=\"auto, (max-width: 150px) 100vw, 150px\" \/>\n\t\t\t<\/dt><\/dl><br style=\"clear: both\" \/><dl class='gallery-item'>\n\t\t\t<dt class='gallery-icon landscape'>\n\t\t\t\t<img loading=\"lazy\" decoding=\"async\" width=\"233\" height=\"200\" src=\"https:\/\/scera.lu\/wp-content\/uploads\/ComedyB-scaled.jpg\" class=\"attachment-full size-full\" alt=\"\" srcset=\"https:\/\/scera.lu\/wp-content\/uploads\/ComedyB-scaled.jpg 233w, https:\/\/scera.lu\/wp-content\/uploads\/ComedyB-768x660.jpg 768w, https:\/\/scera.lu\/wp-content\/uploads\/ComedyB-1x1.jpg 1w\" sizes=\"auto, (max-width: 233px) 100vw, 233px\" \/>\n\t\t\t<\/dt><\/dl><dl class='gallery-item'>\n\t\t\t<dt class='gallery-icon landscape'>\n\t\t\t\t<img loading=\"lazy\" decoding=\"async\" width=\"294\" height=\"200\" src=\"https:\/\/scera.lu\/wp-content\/uploads\/ComedyD-scaled.jpg\" class=\"attachment-full size-full\" alt=\"\" srcset=\"https:\/\/scera.lu\/wp-content\/uploads\/ComedyD-scaled.jpg 294w, https:\/\/scera.lu\/wp-content\/uploads\/ComedyD-768x523.jpg 768w, https:\/\/scera.lu\/wp-content\/uploads\/ComedyD-1x1.jpg 1w\" sizes=\"auto, (max-width: 294px) 100vw, 294px\" \/>\n\t\t\t<\/dt><\/dl><br style=\"clear: both\" \/><dl class='gallery-item'>\n\t\t\t<dt class='gallery-icon landscape'>\n\t\t\t\t<img loading=\"lazy\" decoding=\"async\" width=\"283\" height=\"200\" src=\"https:\/\/scera.lu\/wp-content\/uploads\/ComedyE-scaled.jpg\" class=\"attachment-full size-full\" alt=\"\" srcset=\"https:\/\/scera.lu\/wp-content\/uploads\/ComedyE-scaled.jpg 283w, https:\/\/scera.lu\/wp-content\/uploads\/ComedyE-768x543.jpg 768w, https:\/\/scera.lu\/wp-content\/uploads\/ComedyE-1x1.jpg 1w\" sizes=\"auto, (max-width: 283px) 100vw, 283px\" \/>\n\t\t\t<\/dt><\/dl><dl class='gallery-item'>\n\t\t\t<dt class='gallery-icon landscape'>\n\t\t\t\t<img loading=\"lazy\" decoding=\"async\" width=\"371\" height=\"200\" src=\"https:\/\/scera.lu\/wp-content\/uploads\/ComedyF-scaled.jpg\" class=\"attachment-full size-full\" alt=\"\" srcset=\"https:\/\/scera.lu\/wp-content\/uploads\/ComedyF-scaled.jpg 371w, https:\/\/scera.lu\/wp-content\/uploads\/ComedyF-768x414.jpg 768w, https:\/\/scera.lu\/wp-content\/uploads\/ComedyF-2x1.jpg 2w\" sizes=\"auto, (max-width: 371px) 100vw, 371px\" \/>\n\t\t\t<\/dt><\/dl><br style=\"clear: both\" \/><dl class='gallery-item'>\n\t\t\t<dt class='gallery-icon landscape'>\n\t\t\t\t<img loading=\"lazy\" decoding=\"async\" width=\"267\" height=\"200\" src=\"https:\/\/scera.lu\/wp-content\/uploads\/ComedyC-scaled.jpg\" class=\"attachment-full size-full\" alt=\"\" srcset=\"https:\/\/scera.lu\/wp-content\/uploads\/ComedyC-scaled.jpg 267w, https:\/\/scera.lu\/wp-content\/uploads\/ComedyC-768x576.jpg 768w, https:\/\/scera.lu\/wp-content\/uploads\/ComedyC-1536x1152.jpg 1536w, https:\/\/scera.lu\/wp-content\/uploads\/ComedyC-1x1.jpg 1w\" sizes=\"auto, (max-width: 267px) 100vw, 267px\" \/>\n\t\t\t<\/dt><\/dl>\n\t\t\t<br style='clear: both' \/>\n\t\t<\/div>\n\n<h5><span style=\"color: #000000;\"><strong>+++++++++++++++++++++++++++++++++++++++++++++++++++++++++++\n<\/strong><\/span><\/h5>\n<h3 class=\"wp-block-heading has-vivid-green-cyan-color has-text-color\"><span style=\"color: #00ccff;\"><strong><span style=\"caret-color: #00ccff;\"><u> PO 29\/03\/2025<\/u><\/span><\/strong><\/span><\/h3>\n<h4 class=\"wp-block-heading has-vivid-green-cyan-color has-text-color\"><span style=\"color: #000000;\"><strong>Portes Ouvertes \u00e0 la piscine Nonnewisen &#8211; MERCI \u00e0 tous les participants<\/strong><\/span><\/h4>\n<h4><span style=\"color: #0000ff;\"><strong>Link: <a style=\"color: #0000ff;\" href=\"https:\/\/www.facebook.com\/SwimmingClubERA\/videos\/1601465560532678\">VIDEO PO 2025<\/a><\/strong><\/span><\/h4>\n<h5><span style=\"color: #000000;\"><strong>+++++++++++++++++++++++++++++++++++++++++++++++++++++++++++<\/strong><\/span><\/h5>\n<h3 class=\"wp-block-heading has-vivid-green-cyan-color has-text-color\"><span style=\"color: #00ccff;\"><strong><span style=\"caret-color: #00ccff;\"><u>DRAPEAU 27\/04\/2025<\/u><\/span><\/strong><\/span><\/h3>\n<h4 class=\"wp-block-heading has-vivid-green-cyan-color has-text-color\"><span style=\"color: #00ff00;\"><strong style=\"color: #000000; font-size: revert;\"><!-- wp:image {\"id\":7568,\"sizeSlug\":\"full\",\"linkDestination\":\"none\"} --><\/strong><\/span><\/h4>\n<figure class=\"wp-block-image size-full\"><!-- wp:image {\"id\":7568,\"sizeSlug\":\"full\",\"linkDestination\":\"none\"} -->\n<figure class=\"wp-block-image size-full\">\n<h4><strong><span style=\"color: #000000;\">En pr\u00e9sence du ministre des Sports M. Mischo G., du bourgmestre d&#8217;Esch M. Weiss C., des repr\u00e9sentants de la commission sportive, des clubs et de la FLNS, ainsi que des parents et nageurs, le nouveau drapeau du club a \u00e9t\u00e9 inaugur\u00e9.<\/span><\/strong><\/h4>\n\n\t\t<style type=\"text\/css\">\n\t\t\t#gallery-2 {\n\t\t\t\tmargin: auto;\n\t\t\t}\n\t\t\t#gallery-2 .gallery-item {\n\t\t\t\tfloat: left;\n\t\t\t\tmargin-top: 10px;\n\t\t\t\ttext-align: center;\n\t\t\t\twidth: 33%;\n\t\t\t}\n\t\t\t#gallery-2 img {\n\t\t\t\tborder: 2px solid #cfcfcf;\n\t\t\t}\n\t\t\t#gallery-2 .gallery-caption {\n\t\t\t\tmargin-left: 0;\n\t\t\t}\n\t\t\t\/* see gallery_shortcode() in wp-includes\/media.php *\/\n\t\t<\/style>\n\t\t<div id='gallery-2' class='gallery galleryid-7868 gallery-columns-3 gallery-size-full'><dl class='gallery-item'>\n\t\t\t<dt class='gallery-icon portrait'>\n\t\t\t\t<img loading=\"lazy\" decoding=\"async\" width=\"150\" height=\"200\" src=\"https:\/\/scera.lu\/wp-content\/uploads\/FA46C4F0-1AEA-45EE-950D-2E66294F2EAD-scaled.jpeg\" class=\"attachment-full size-full\" alt=\"\" srcset=\"https:\/\/scera.lu\/wp-content\/uploads\/FA46C4F0-1AEA-45EE-950D-2E66294F2EAD-scaled.jpeg 150w, https:\/\/scera.lu\/wp-content\/uploads\/FA46C4F0-1AEA-45EE-950D-2E66294F2EAD-768x1024.jpeg 768w, https:\/\/scera.lu\/wp-content\/uploads\/FA46C4F0-1AEA-45EE-950D-2E66294F2EAD-1152x1536.jpeg 1152w, https:\/\/scera.lu\/wp-content\/uploads\/FA46C4F0-1AEA-45EE-950D-2E66294F2EAD-1x1.jpeg 1w\" sizes=\"auto, (max-width: 150px) 100vw, 150px\" \/>\n\t\t\t<\/dt><\/dl><dl class='gallery-item'>\n\t\t\t<dt class='gallery-icon portrait'>\n\t\t\t\t<img loading=\"lazy\" decoding=\"async\" width=\"150\" height=\"200\" src=\"https:\/\/scera.lu\/wp-content\/uploads\/FFF2A1ED-4C33-417A-8BE3-620CFF4C3C49-scaled.jpeg\" class=\"attachment-full size-full\" alt=\"\" srcset=\"https:\/\/scera.lu\/wp-content\/uploads\/FFF2A1ED-4C33-417A-8BE3-620CFF4C3C49-scaled.jpeg 150w, https:\/\/scera.lu\/wp-content\/uploads\/FFF2A1ED-4C33-417A-8BE3-620CFF4C3C49-768x1024.jpeg 768w, https:\/\/scera.lu\/wp-content\/uploads\/FFF2A1ED-4C33-417A-8BE3-620CFF4C3C49-1152x1536.jpeg 1152w, https:\/\/scera.lu\/wp-content\/uploads\/FFF2A1ED-4C33-417A-8BE3-620CFF4C3C49-1x1.jpeg 1w\" sizes=\"auto, (max-width: 150px) 100vw, 150px\" \/>\n\t\t\t<\/dt><\/dl><dl class='gallery-item'>\n\t\t\t<dt class='gallery-icon portrait'>\n\t\t\t\t<img loading=\"lazy\" decoding=\"async\" width=\"150\" height=\"200\" src=\"https:\/\/scera.lu\/wp-content\/uploads\/B9257030-C0EB-4029-B0AD-6CFA406BFD04-scaled.jpeg\" class=\"attachment-full size-full\" alt=\"\" srcset=\"https:\/\/scera.lu\/wp-content\/uploads\/B9257030-C0EB-4029-B0AD-6CFA406BFD04-scaled.jpeg 150w, https:\/\/scera.lu\/wp-content\/uploads\/B9257030-C0EB-4029-B0AD-6CFA406BFD04-768x1024.jpeg 768w, https:\/\/scera.lu\/wp-content\/uploads\/B9257030-C0EB-4029-B0AD-6CFA406BFD04-1152x1536.jpeg 1152w, https:\/\/scera.lu\/wp-content\/uploads\/B9257030-C0EB-4029-B0AD-6CFA406BFD04-1x1.jpeg 1w\" sizes=\"auto, (max-width: 150px) 100vw, 150px\" \/>\n\t\t\t<\/dt><\/dl><br style=\"clear: both\" \/><dl class='gallery-item'>\n\t\t\t<dt class='gallery-icon portrait'>\n\t\t\t\t<img loading=\"lazy\" decoding=\"async\" width=\"150\" height=\"200\" src=\"https:\/\/scera.lu\/wp-content\/uploads\/3AFBBA4E-92AF-47E6-BFF1-D1B7EDC22D1B-scaled.jpeg\" class=\"attachment-full size-full\" alt=\"\" srcset=\"https:\/\/scera.lu\/wp-content\/uploads\/3AFBBA4E-92AF-47E6-BFF1-D1B7EDC22D1B-scaled.jpeg 150w, https:\/\/scera.lu\/wp-content\/uploads\/3AFBBA4E-92AF-47E6-BFF1-D1B7EDC22D1B-768x1024.jpeg 768w, https:\/\/scera.lu\/wp-content\/uploads\/3AFBBA4E-92AF-47E6-BFF1-D1B7EDC22D1B-1152x1536.jpeg 1152w, https:\/\/scera.lu\/wp-content\/uploads\/3AFBBA4E-92AF-47E6-BFF1-D1B7EDC22D1B-1x1.jpeg 1w\" sizes=\"auto, (max-width: 150px) 100vw, 150px\" \/>\n\t\t\t<\/dt><\/dl><dl class='gallery-item'>\n\t\t\t<dt class='gallery-icon '>\n\t\t\t\t<img decoding=\"async\" src=\"https:\/\/scera.lu\/wp-content\/uploads\/93DEFCB6-9A59-4147-ADAA-52D1A88124EF_1_201_a.heic\" class=\"attachment-full size-full\" alt=\"\" \/>\n\t\t\t<\/dt><\/dl><dl class='gallery-item'>\n\t\t\t<dt class='gallery-icon portrait'>\n\t\t\t\t<img loading=\"lazy\" decoding=\"async\" width=\"150\" height=\"200\" src=\"https:\/\/scera.lu\/wp-content\/uploads\/4D188CE2-220E-4CBD-A62A-098D135B309E-scaled.jpeg\" class=\"attachment-full size-full\" alt=\"\" srcset=\"https:\/\/scera.lu\/wp-content\/uploads\/4D188CE2-220E-4CBD-A62A-098D135B309E-scaled.jpeg 150w, https:\/\/scera.lu\/wp-content\/uploads\/4D188CE2-220E-4CBD-A62A-098D135B309E-768x1024.jpeg 768w, https:\/\/scera.lu\/wp-content\/uploads\/4D188CE2-220E-4CBD-A62A-098D135B309E-1152x1536.jpeg 1152w, https:\/\/scera.lu\/wp-content\/uploads\/4D188CE2-220E-4CBD-A62A-098D135B309E-1x1.jpeg 1w\" sizes=\"auto, (max-width: 150px) 100vw, 150px\" \/>\n\t\t\t<\/dt><\/dl><br style=\"clear: both\" \/><dl class='gallery-item'>\n\t\t\t<dt class='gallery-icon portrait'>\n\t\t\t\t<img loading=\"lazy\" decoding=\"async\" width=\"150\" height=\"200\" src=\"https:\/\/scera.lu\/wp-content\/uploads\/79FB3BFF-F50A-480A-A3F9-7F92828098AB-scaled.jpeg\" class=\"attachment-full size-full\" alt=\"\" srcset=\"https:\/\/scera.lu\/wp-content\/uploads\/79FB3BFF-F50A-480A-A3F9-7F92828098AB-scaled.jpeg 150w, https:\/\/scera.lu\/wp-content\/uploads\/79FB3BFF-F50A-480A-A3F9-7F92828098AB-768x1024.jpeg 768w, https:\/\/scera.lu\/wp-content\/uploads\/79FB3BFF-F50A-480A-A3F9-7F92828098AB-1152x1536.jpeg 1152w, https:\/\/scera.lu\/wp-content\/uploads\/79FB3BFF-F50A-480A-A3F9-7F92828098AB-1x1.jpeg 1w\" sizes=\"auto, (max-width: 150px) 100vw, 150px\" \/>\n\t\t\t<\/dt><\/dl><dl class='gallery-item'>\n\t\t\t<dt class='gallery-icon portrait'>\n\t\t\t\t<img loading=\"lazy\" decoding=\"async\" width=\"150\" height=\"200\" src=\"https:\/\/scera.lu\/wp-content\/uploads\/B2F842FC-C905-4E5F-82C9-197231C0A95A-scaled.jpeg\" class=\"attachment-full size-full\" alt=\"\" srcset=\"https:\/\/scera.lu\/wp-content\/uploads\/B2F842FC-C905-4E5F-82C9-197231C0A95A-scaled.jpeg 150w, https:\/\/scera.lu\/wp-content\/uploads\/B2F842FC-C905-4E5F-82C9-197231C0A95A-768x1024.jpeg 768w, https:\/\/scera.lu\/wp-content\/uploads\/B2F842FC-C905-4E5F-82C9-197231C0A95A-1152x1536.jpeg 1152w, https:\/\/scera.lu\/wp-content\/uploads\/B2F842FC-C905-4E5F-82C9-197231C0A95A-1x1.jpeg 1w\" sizes=\"auto, (max-width: 150px) 100vw, 150px\" \/>\n\t\t\t<\/dt><\/dl><dl class='gallery-item'>\n\t\t\t<dt class='gallery-icon portrait'>\n\t\t\t\t<img loading=\"lazy\" decoding=\"async\" width=\"150\" height=\"200\" src=\"https:\/\/scera.lu\/wp-content\/uploads\/80AFD91F-EF5E-4F15-81E3-B4A9F5A7F5AD-scaled.jpeg\" class=\"attachment-full size-full\" alt=\"\" srcset=\"https:\/\/scera.lu\/wp-content\/uploads\/80AFD91F-EF5E-4F15-81E3-B4A9F5A7F5AD-scaled.jpeg 150w, https:\/\/scera.lu\/wp-content\/uploads\/80AFD91F-EF5E-4F15-81E3-B4A9F5A7F5AD-768x1024.jpeg 768w, https:\/\/scera.lu\/wp-content\/uploads\/80AFD91F-EF5E-4F15-81E3-B4A9F5A7F5AD-1152x1536.jpeg 1152w, https:\/\/scera.lu\/wp-content\/uploads\/80AFD91F-EF5E-4F15-81E3-B4A9F5A7F5AD-1x1.jpeg 1w\" sizes=\"auto, (max-width: 150px) 100vw, 150px\" \/>\n\t\t\t<\/dt><\/dl><br style=\"clear: both\" \/><dl class='gallery-item'>\n\t\t\t<dt class='gallery-icon '>\n\t\t\t\t<img decoding=\"async\" src=\"https:\/\/scera.lu\/wp-content\/uploads\/BB81AB3E-91DF-4171-A7D0-8F18AF059D64.heic\" class=\"attachment-full size-full\" alt=\"\" \/>\n\t\t\t<\/dt><\/dl><dl class='gallery-item'>\n\t\t\t<dt class='gallery-icon '>\n\t\t\t\t<img decoding=\"async\" src=\"https:\/\/scera.lu\/wp-content\/uploads\/95DACC22-20FC-4D1D-B9C0-08FC298E3155.heic\" class=\"attachment-full size-full\" alt=\"\" \/>\n\t\t\t<\/dt><\/dl><dl class='gallery-item'>\n\t\t\t<dt class='gallery-icon '>\n\t\t\t\t<img decoding=\"async\" src=\"https:\/\/scera.lu\/wp-content\/uploads\/D57CEBBD-A108-4FE4-BCC6-76DD80931B0F.heic\" class=\"attachment-full size-full\" alt=\"\" \/>\n\t\t\t<\/dt><\/dl><br style=\"clear: both\" \/><dl class='gallery-item'>\n\t\t\t<dt class='gallery-icon '>\n\t\t\t\t<img decoding=\"async\" src=\"https:\/\/scera.lu\/wp-content\/uploads\/DBB6FD14-78DC-43DC-8D9E-ADE4B93BDA08.heic\" class=\"attachment-full size-full\" alt=\"\" \/>\n\t\t\t<\/dt><\/dl>\n\t\t\t<br style='clear: both' \/>\n\t\t<\/div>\n\n<h5><span style=\"color: #000000;\"><strong>+++++++++++++++++++++++++++++++++++++++++++++++++++++++++++<\/strong><\/span><\/h5>\n<h3><span style=\"color: #00ccff;\"><strong><span style=\"caret-color: #00ccff;\"><u>Summer Fest Waldschoul 28\/06\/2025<\/u><\/span><\/strong><\/span><\/h3>\n\n\t\t<style type=\"text\/css\">\n\t\t\t#gallery-3 {\n\t\t\t\tmargin: auto;\n\t\t\t}\n\t\t\t#gallery-3 .gallery-item {\n\t\t\t\tfloat: left;\n\t\t\t\tmargin-top: 10px;\n\t\t\t\ttext-align: center;\n\t\t\t\twidth: 25%;\n\t\t\t}\n\t\t\t#gallery-3 img {\n\t\t\t\tborder: 2px solid #cfcfcf;\n\t\t\t}\n\t\t\t#gallery-3 .gallery-caption {\n\t\t\t\tmargin-left: 0;\n\t\t\t}\n\t\t\t\/* see gallery_shortcode() in wp-includes\/media.php *\/\n\t\t<\/style>\n\t\t<div id='gallery-3' class='gallery galleryid-7868 gallery-columns-4 gallery-size-full'><dl class='gallery-item'>\n\t\t\t<dt class='gallery-icon portrait'>\n\t\t\t\t<img loading=\"lazy\" decoding=\"async\" width=\"150\" height=\"200\" src=\"https:\/\/scera.lu\/wp-content\/uploads\/SummerFest-9-scaled.jpg\" class=\"attachment-full size-full\" alt=\"\" srcset=\"https:\/\/scera.lu\/wp-content\/uploads\/SummerFest-9-scaled.jpg 150w, https:\/\/scera.lu\/wp-content\/uploads\/SummerFest-9-1x1.jpg 1w\" sizes=\"auto, (max-width: 150px) 100vw, 150px\" \/>\n\t\t\t<\/dt><\/dl><dl class='gallery-item'>\n\t\t\t<dt class='gallery-icon portrait'>\n\t\t\t\t<img loading=\"lazy\" decoding=\"async\" width=\"150\" height=\"200\" src=\"https:\/\/scera.lu\/wp-content\/uploads\/SummerFest-5-scaled.jpg\" class=\"attachment-full size-full\" alt=\"\" srcset=\"https:\/\/scera.lu\/wp-content\/uploads\/SummerFest-5-scaled.jpg 150w, https:\/\/scera.lu\/wp-content\/uploads\/SummerFest-5-1x1.jpg 1w\" sizes=\"auto, (max-width: 150px) 100vw, 150px\" \/>\n\t\t\t<\/dt><\/dl><dl class='gallery-item'>\n\t\t\t<dt class='gallery-icon portrait'>\n\t\t\t\t<img loading=\"lazy\" decoding=\"async\" width=\"150\" height=\"200\" src=\"https:\/\/scera.lu\/wp-content\/uploads\/SummerFest-10-scaled.jpg\" class=\"attachment-full size-full\" alt=\"\" srcset=\"https:\/\/scera.lu\/wp-content\/uploads\/SummerFest-10-scaled.jpg 150w, https:\/\/scera.lu\/wp-content\/uploads\/SummerFest-10-1x1.jpg 1w\" sizes=\"auto, (max-width: 150px) 100vw, 150px\" \/>\n\t\t\t<\/dt><\/dl><dl class='gallery-item'>\n\t\t\t<dt class='gallery-icon portrait'>\n\t\t\t\t<img loading=\"lazy\" decoding=\"async\" width=\"150\" height=\"200\" src=\"https:\/\/scera.lu\/wp-content\/uploads\/SummerFest-8-scaled.jpg\" class=\"attachment-full size-full\" alt=\"\" srcset=\"https:\/\/scera.lu\/wp-content\/uploads\/SummerFest-8-scaled.jpg 150w, https:\/\/scera.lu\/wp-content\/uploads\/SummerFest-8-1x1.jpg 1w\" sizes=\"auto, (max-width: 150px) 100vw, 150px\" \/>\n\t\t\t<\/dt><\/dl><br style=\"clear: both\" \/><dl class='gallery-item'>\n\t\t\t<dt class='gallery-icon portrait'>\n\t\t\t\t<img loading=\"lazy\" decoding=\"async\" width=\"150\" height=\"200\" src=\"https:\/\/scera.lu\/wp-content\/uploads\/SummerFest-1-scaled.jpg\" class=\"attachment-full size-full\" alt=\"\" srcset=\"https:\/\/scera.lu\/wp-content\/uploads\/SummerFest-1-scaled.jpg 150w, https:\/\/scera.lu\/wp-content\/uploads\/SummerFest-1-1x1.jpg 1w\" sizes=\"auto, (max-width: 150px) 100vw, 150px\" \/>\n\t\t\t<\/dt><\/dl><dl class='gallery-item'>\n\t\t\t<dt class='gallery-icon portrait'>\n\t\t\t\t<img loading=\"lazy\" decoding=\"async\" width=\"150\" height=\"200\" src=\"https:\/\/scera.lu\/wp-content\/uploads\/SummerFest-6-scaled.jpg\" class=\"attachment-full size-full\" alt=\"\" srcset=\"https:\/\/scera.lu\/wp-content\/uploads\/SummerFest-6-scaled.jpg 150w, https:\/\/scera.lu\/wp-content\/uploads\/SummerFest-6-1x1.jpg 1w\" sizes=\"auto, (max-width: 150px) 100vw, 150px\" \/>\n\t\t\t<\/dt><\/dl><dl class='gallery-item'>\n\t\t\t<dt class='gallery-icon portrait'>\n\t\t\t\t<img loading=\"lazy\" decoding=\"async\" width=\"150\" height=\"200\" src=\"https:\/\/scera.lu\/wp-content\/uploads\/SummerFest-3-scaled.jpg\" class=\"attachment-full size-full\" alt=\"\" srcset=\"https:\/\/scera.lu\/wp-content\/uploads\/SummerFest-3-scaled.jpg 150w, https:\/\/scera.lu\/wp-content\/uploads\/SummerFest-3-1x1.jpg 1w\" sizes=\"auto, (max-width: 150px) 100vw, 150px\" \/>\n\t\t\t<\/dt><\/dl><dl class='gallery-item'>\n\t\t\t<dt class='gallery-icon portrait'>\n\t\t\t\t<img loading=\"lazy\" decoding=\"async\" width=\"150\" height=\"200\" src=\"https:\/\/scera.lu\/wp-content\/uploads\/SummerFest-2-scaled.jpg\" class=\"attachment-full size-full\" alt=\"\" srcset=\"https:\/\/scera.lu\/wp-content\/uploads\/SummerFest-2-scaled.jpg 150w, https:\/\/scera.lu\/wp-content\/uploads\/SummerFest-2-1x1.jpg 1w\" sizes=\"auto, (max-width: 150px) 100vw, 150px\" \/>\n\t\t\t<\/dt><\/dl><br style=\"clear: both\" \/><dl class='gallery-item'>\n\t\t\t<dt class='gallery-icon landscape'>\n\t\t\t\t<img loading=\"lazy\" decoding=\"async\" width=\"267\" height=\"200\" src=\"https:\/\/scera.lu\/wp-content\/uploads\/SummerFest-12-scaled.jpg\" class=\"attachment-full size-full\" alt=\"\" srcset=\"https:\/\/scera.lu\/wp-content\/uploads\/SummerFest-12-scaled.jpg 267w, https:\/\/scera.lu\/wp-content\/uploads\/SummerFest-12-768x576.jpg 768w, https:\/\/scera.lu\/wp-content\/uploads\/SummerFest-12-1x1.jpg 1w\" sizes=\"auto, (max-width: 267px) 100vw, 267px\" \/>\n\t\t\t<\/dt><\/dl><dl class='gallery-item'>\n\t\t\t<dt class='gallery-icon portrait'>\n\t\t\t\t<img loading=\"lazy\" decoding=\"async\" width=\"150\" height=\"200\" src=\"https:\/\/scera.lu\/wp-content\/uploads\/SummerFest-4-scaled.jpg\" class=\"attachment-full size-full\" alt=\"\" srcset=\"https:\/\/scera.lu\/wp-content\/uploads\/SummerFest-4-scaled.jpg 150w, https:\/\/scera.lu\/wp-content\/uploads\/SummerFest-4-1x1.jpg 1w\" sizes=\"auto, (max-width: 150px) 100vw, 150px\" \/>\n\t\t\t<\/dt><\/dl><dl class='gallery-item'>\n\t\t\t<dt class='gallery-icon portrait'>\n\t\t\t\t<img loading=\"lazy\" decoding=\"async\" width=\"150\" height=\"200\" src=\"https:\/\/scera.lu\/wp-content\/uploads\/SummerFest-11-scaled.jpg\" class=\"attachment-full size-full\" alt=\"\" srcset=\"https:\/\/scera.lu\/wp-content\/uploads\/SummerFest-11-scaled.jpg 150w, https:\/\/scera.lu\/wp-content\/uploads\/SummerFest-11-1x1.jpg 1w\" sizes=\"auto, (max-width: 150px) 100vw, 150px\" \/>\n\t\t\t<\/dt><\/dl><dl class='gallery-item'>\n\t\t\t<dt class='gallery-icon portrait'>\n\t\t\t\t<img loading=\"lazy\" decoding=\"async\" width=\"150\" height=\"200\" src=\"https:\/\/scera.lu\/wp-content\/uploads\/SummerFest-7-scaled.jpg\" class=\"attachment-full size-full\" alt=\"\" srcset=\"https:\/\/scera.lu\/wp-content\/uploads\/SummerFest-7-scaled.jpg 150w, https:\/\/scera.lu\/wp-content\/uploads\/SummerFest-7-1x1.jpg 1w\" sizes=\"auto, (max-width: 150px) 100vw, 150px\" \/>\n\t\t\t<\/dt><\/dl><br style=\"clear: both\" \/>\n\t\t<\/div>\n<\/figure>\n<\/figure>\n<h5><span style=\"color: #000000;\"><strong>\u00a0<\/strong><\/span><\/h5><!-- \/wp:image --><!-- \/wp:image -->","protected":false},"excerpt":{"rendered":"<p>COMEDY SHOW 08\/02\/2025 +++++++++++++++++++++++++++++++++++++++++++++++++++++++++++ PO 29\/03\/2025 Portes Ouvertes \u00e0 la piscine Nonnewisen &#8211; MERCI \u00e0 tous les participants Link: VIDEO PO 2025 +++++++++++++++++++++++++++++++++++++++++++++++++++++++++++ DRAPEAU 27\/04\/2025 En pr\u00e9sence du ministre des Sports M. Mischo G., du bourgmestre d&#8217;Esch M. Weiss C., des repr\u00e9sentants de la commission sportive, des clubs et de la FLNS, ainsi que des [&hellip;]<\/p>\n","protected":false},"author":2,"featured_media":0,"parent":0,"menu_order":0,"comment_status":"closed","ping_status":"closed","template":"","meta":{"footnotes":""},"class_list":["post-7868","page","type-page","status-publish","hentry"],"_links":{"self":[{"href":"https:\/\/scera.lu\/index.php?rest_route=\/wp\/v2\/pages\/7868","targetHints":{"allow":["GET"]}}],"collection":[{"href":"https:\/\/scera.lu\/index.php?rest_route=\/wp\/v2\/pages"}],"about":[{"href":"https:\/\/scera.lu\/index.php?rest_route=\/wp\/v2\/types\/page"}],"author":[{"embeddable":true,"href":"https:\/\/scera.lu\/index.php?rest_route=\/wp\/v2\/users\/2"}],"replies":[{"embeddable":true,"href":"https:\/\/scera.lu\/index.php?rest_route=%2Fwp%2Fv2%2Fcomments&post=7868"}],"version-history":[{"count":2,"href":"https:\/\/scera.lu\/index.php?rest_route=\/wp\/v2\/pages\/7868\/revisions"}],"predecessor-version":[{"id":7870,"href":"https:\/\/scera.lu\/index.php?rest_route=\/wp\/v2\/pages\/7868\/revisions\/7870"}],"wp:attachment":[{"href":"https:\/\/scera.lu\/index.php?rest_route=%2Fwp%2Fv2%2Fmedia&parent=7868"}],"curies":[{"name":"wp","href":"https:\/\/api.w.org\/{rel}","templated":true}]}}