{"id":985,"date":"2014-09-20T10:44:01","date_gmt":"2014-09-20T09:44:01","guid":{"rendered":"http:\/\/scera.lu\/?page_id=985"},"modified":"2026-03-10T16:55:55","modified_gmt":"2026-03-10T15:55:55","slug":"sc-era","status":"publish","type":"page","link":"https:\/\/scera.lu\/?page_id=985","title":{"rendered":"Le club"},"content":{"rendered":"<h4><span style=\"color: #000000;\"><strong>Le Swimming Club ERA d&#8217;Esch\/Alzette,association sans but lucratif, \u00e0 \u00e9t\u00e9 fond\u00e9 en 1925 et est affili\u00e9 \u00e0 la F\u00e9d\u00e9ration Luxembourgeoise de Natation et de Sauvetage (FLNS).\u00a0<span lang=\"fr\">Le deuxi\u00e8me club le plus ancien du pays vous propose l<\/span>es 4 groupes suivantes:<\/strong><\/span><\/h4>\n<h4><span style=\"color: #800000;\"><strong><span style=\"text-decoration: underline;\">\u00c9cole de Natation (\u00e0 partir de 4 ans)<\/span><\/strong><\/span><\/h4>\n<h4><span style=\"color: #000000;\">\u2794 Adaptation \u00e0 l&#8217;eau (entrer\/sortir de mani\u00e8re autonome)<\/span><\/h4>\n<h4><span style=\"color: #000000;\">\u2794\u00a0Mouvements de base des trois styles (Dos,Brasse,Crawl)<\/span><\/h4>\n<h4><span style=\"color: #000000;\">\u2794 Respiration (respirer correctement en nageant)<\/span><\/h4>\n<h4><span style=\"color: #000000;\">\u2794 Sauts (bloc de d\u00e9part)<\/span><\/h4>\n<h4><span style=\"color: #000000;\">\u261e Les enfants restent en moyenne 1 \u00e0 2 ans dans ce groupe avant qu&#8217;ils changent le groupe<\/span><\/h4>\n<h3><span style=\"color: #800000;\"><strong><span style=\"text-decoration: underline;\">Avanc\u00e9s<\/span><\/strong><\/span><\/h3>\n<h4><strong><span style=\"color: #000000;\">\u2794 <\/span><\/strong><span style=\"color: #000000;\">Perfectionnement des trois styles (les diff\u00e9rentes techniques)<\/span><\/h4>\n<h4><strong><span style=\"color: #000000;\">\u2794 <\/span><\/strong><span style=\"color: #000000;\">Travail sur l&#8217;endurance et la vitesse<\/span><\/h4>\n<h4><strong><span style=\"color: #000000;\">\u2794 <\/span><\/strong><span style=\"color: #000000;\">Diff\u00e9rentes phases avant, pendant et apr\u00e8s les virages et d\u00e9parts\u00a0<\/span><\/h4>\n<h4><strong><span style=\"color: #000000;\">\u2794 <\/span><\/strong><span style=\"color: #000000;\">Nage du papillon<\/span><\/h4>\n<h4><strong><span style=\"color: #000000;\">\u261e\u00a0<\/span><\/strong><span style=\"color: #000000;\">Le temps que les nageurs restent dans ce groupe d\u00e9pend de la vitesse de l&#8217;apprentissage \u00a0 \u00a0 \u00a0 \u00a0et de la maturit\u00e9 du nageur.\u00a0<\/span><\/h4>\n<h4><strong><span style=\"color: #000000;\">\u261e<\/span><\/strong><span style=\"color: #000000;\">\u00a0<\/span><span style=\"color: #000000;\">Participation \u00e0 des comp\u00e9titions<\/span><\/h4>\n<h3><span style=\"color: #800000;\"><strong><span style=\"text-decoration: underline;\">Jeunes Comp\u00e9titeurs \/ Comp\u00e9titeurs<\/span><\/strong><\/span><\/h3>\n<h4><span style=\"color: #000000;\">\u2794 Focus sur l&#8217;endurance et la vitesse<\/span><\/h4>\n<h4><span style=\"color: #000000;\">\u2794 Perfectionnement de petits d\u00e9tails\u00a0<\/span><\/h4>\n<h4><span style=\"color: #000000;\">\u2794 Diff\u00e9rentes phases avant, pendant et apr\u00e8s les virages et d\u00e9parts\u00a0<\/span><\/h4>\n<h4><span style=\"color: #000000;\">\u261e\u00a0<\/span><span style=\"color: #000000;\"><span style=\"caret-color: #000000;\">Participation \u00e0 des comp\u00e9titions<\/span><\/span><\/h4>\n<h3><span style=\"color: #800000;\"><strong><span style=\"text-decoration: underline;\">Masterswimming<\/span><\/strong><\/span><\/h3>\n<h4><span style=\"color: #000000;\">\u2794 A partir de 20 ans<\/span><\/h4>\n<h4><span style=\"color: #000000;\">\u2794 Pour anciens nageurs et natation loisir\u00a0<\/span><\/h4>\n<h4><span style=\"color: #000000;\">\u261e\u00a0<span style=\"caret-color: #000000;\">Comp\u00e9titions ou loisir<\/span><\/span><\/h4>\n<h4><strong><span style=\"color: #ff0000;\">Dans tous les groupes l&#8217;esprit d&#8217;\u00e9quipe et le fair-play sportif sont des valeurs indispensables!<\/span><\/strong><span style=\"color: #000000;\">\u00a0<\/span><\/h4>\n<h3><span style=\"color: #008080;\"><strong><span style=\"text-decoration: underline;\">Le comit\u00e9 du SC ERA de la saison 2025\/2026:<\/span><\/strong><\/span><\/h3>\n<!-- \/wp:post-content -->\n\n<!-- wp:table {\"hasFixedLayout\":false,\"style\":{\"elements\":{\"link\":{\"color\":{\"text\":\"var:preset|color|black\"}}}},\"textColor\":\"black\"} -->\n<figure class=\"wp-block-table\">\n<table class=\"has-black-color has-text-color has-link-color\" style=\"height: 379px;\" width=\"840\">\n<tbody>\n<tr>\n<td><strong>Pr\u00e9sident d\u2019Honneur<\/strong><\/td>\n<td>HANSEN Romain<\/td>\n<\/tr>\n<tr>\n<td><strong>Pr\u00e9sident<\/strong><\/td>\n<td>HANSEN Cindy<\/td>\n<\/tr>\n<tr>\n<td><strong>Vice-Pr\u00e9sident<\/strong><\/td>\n<td>NACCIARETI Liliane<\/td>\n<\/tr>\n<tr>\n<td><strong>Secr\u00e9taire Administrative<\/strong><\/td>\n<td>GALLION Ginette<\/td>\n<\/tr>\n<tr>\n<td><strong>Secr\u00e9taire Technique<\/strong><\/td>\n<td>HANSEN Cindy<\/td>\n<\/tr>\n<tr>\n<td><strong>Tr\u00e9sori\u00e8re<\/strong><\/td>\n<td>BRAM Michel<\/td>\n<\/tr>\n<tr>\n<td><strong>Membres<\/strong><\/td>\n<td>KASS Laurent<\/td>\n<\/tr>\n<tr>\n<td><\/td>\n<td>PEREIRA Dylan<\/td>\n<\/tr>\n<tr>\n<td><\/td>\n<td><\/td>\n<\/tr>\n<\/tbody>\n<\/table>\n<\/figure>\n<!-- \/wp:table -->\n\n<!-- wp:heading {\"level\":3} -->\n<h3 class=\"wp-block-heading\"><\/h3>\n<!-- \/wp:heading -->\n<h3><span style=\"color: #008080;\"><strong><span style=\"text-decoration: underline;\">R\u00e9viseurs de caisse 2025\/2026<\/span><\/strong><\/span><\/h3>\n<h4><span style=\"color: #000000;\">Decker Jeanny<\/span><\/h4>\n<h4><span style=\"color: #000000;\">Mastrangelo Elio<\/span><\/h4>","protected":false},"excerpt":{"rendered":"<p>Le Swimming Club ERA d&#8217;Esch\/Alzette,association sans but lucratif, \u00e0 \u00e9t\u00e9 fond\u00e9 en 1925 et est affili\u00e9 \u00e0 la F\u00e9d\u00e9ration Luxembourgeoise de Natation et de Sauvetage (FLNS).\u00a0Le deuxi\u00e8me club le plus ancien du pays vous propose les 4 groupes suivantes: \u00c9cole de Natation (\u00e0 partir de 4 ans) \u2794 Adaptation \u00e0 l&#8217;eau (entrer\/sortir de mani\u00e8re autonome) [&hellip;]<\/p>\n","protected":false},"author":2,"featured_media":0,"parent":0,"menu_order":-1,"comment_status":"closed","ping_status":"closed","template":"","meta":{"footnotes":""},"class_list":["post-985","page","type-page","status-publish","hentry"],"_links":{"self":[{"href":"https:\/\/scera.lu\/index.php?rest_route=\/wp\/v2\/pages\/985","targetHints":{"allow":["GET"]}}],"collection":[{"href":"https:\/\/scera.lu\/index.php?rest_route=\/wp\/v2\/pages"}],"about":[{"href":"https:\/\/scera.lu\/index.php?rest_route=\/wp\/v2\/types\/page"}],"author":[{"embeddable":true,"href":"https:\/\/scera.lu\/index.php?rest_route=\/wp\/v2\/users\/2"}],"replies":[{"embeddable":true,"href":"https:\/\/scera.lu\/index.php?rest_route=%2Fwp%2Fv2%2Fcomments&post=985"}],"version-history":[{"count":68,"href":"https:\/\/scera.lu\/index.php?rest_route=\/wp\/v2\/pages\/985\/revisions"}],"predecessor-version":[{"id":8001,"href":"https:\/\/scera.lu\/index.php?rest_route=\/wp\/v2\/pages\/985\/revisions\/8001"}],"wp:attachment":[{"href":"https:\/\/scera.lu\/index.php?rest_route=%2Fwp%2Fv2%2Fmedia&parent=985"}],"curies":[{"name":"wp","href":"https:\/\/api.w.org\/{rel}","templated":true}]}}